{"id":1365,"date":"2021-03-30T16:48:04","date_gmt":"2021-03-30T16:48:04","guid":{"rendered":"http:\/\/siesue.conare.ac.cr\/en\/?page_id=1365"},"modified":"2021-05-17T23:56:14","modified_gmt":"2021-05-17T23:56:14","slug":"aprendizaje","status":"publish","type":"page","link":"https:\/\/siesue.conare.ac.cr\/en\/aprendizaje\/","title":{"rendered":"Aprendizaje"},"content":{"rendered":"\t\t<div data-elementor-type=\"wp-page\" data-elementor-id=\"1365\" class=\"elementor elementor-1365\">\n\t\t\t\t\t\t<section class=\"elementor-section elementor-top-section elementor-element elementor-element-86b68cd elementor-section-boxed elementor-section-height-default elementor-section-height-default\" data-id=\"86b68cd\" data-element_type=\"section\">\n\t\t\t\t\t\t<div class=\"elementor-container elementor-column-gap-default\">\n\t\t\t\t\t<div class=\"elementor-column elementor-col-100 elementor-top-column elementor-element elementor-element-0522b93\" data-id=\"0522b93\" data-element_type=\"column\">\n\t\t\t<div class=\"elementor-widget-wrap elementor-element-populated\">\n\t\t\t\t\t\t<div class=\"elementor-element elementor-element-4f04719 elementor-widget elementor-widget-spacer\" data-id=\"4f04719\" data-element_type=\"widget\" data-widget_type=\"spacer.default\">\n\t\t\t\t<div class=\"elementor-widget-container\">\n\t\t\t\t\t\t\t<div class=\"elementor-spacer\">\n\t\t\t<div class=\"elementor-spacer-inner\"><\/div>\n\t\t<\/div>\n\t\t\t\t\t\t<\/div>\n\t\t\t\t<\/div>\n\t\t\t\t\t<\/div>\n\t\t<\/div>\n\t\t\t\t\t<\/div>\n\t\t<\/section>\n\t\t\t\t<section class=\"elementor-section elementor-top-section elementor-element elementor-element-1da47ad0 elementor-section-boxed elementor-section-height-default elementor-section-height-default\" data-id=\"1da47ad0\" data-element_type=\"section\">\n\t\t\t\t\t\t<div class=\"elementor-container elementor-column-gap-default\">\n\t\t\t\t\t<div class=\"elementor-column elementor-col-33 elementor-top-column elementor-element elementor-element-4faa25bd\" data-id=\"4faa25bd\" data-element_type=\"column\">\n\t\t\t<div class=\"elementor-widget-wrap elementor-element-populated\">\n\t\t\t\t\t\t<div class=\"elementor-element elementor-element-1a27b799 elementor-widget elementor-widget-button\" data-id=\"1a27b799\" data-element_type=\"widget\" data-widget_type=\"button.default\">\n\t\t\t\t<div class=\"elementor-widget-container\">\n\t\t\t\t\t\t\t\t\t<div class=\"elementor-button-wrapper\">\n\t\t\t\t\t<a class=\"elementor-button elementor-button-link elementor-size-sm\" href=\"\/en\/plan-nacional-de-educacion-superior-2011-2015\/\">\n\t\t\t\t\t\t<span class=\"elementor-button-content-wrapper\">\n\t\t\t\t\t\t<span class=\"elementor-button-icon\">\n\t\t\t\t<svg aria-hidden=\"true\" class=\"e-font-icon-svg e-fas-arrow-left\" viewBox=\"0 0 448 512\" xmlns=\"http:\/\/www.w3.org\/2000\/svg\"><path d=\"M257.5 445.1l-22.2 22.2c-9.4 9.4-24.6 9.4-33.9 0L7 273c-9.4-9.4-9.4-24.6 0-33.9L201.4 44.7c9.4-9.4 24.6-9.4 33.9 0l22.2 22.2c9.5 9.5 9.3 25-.4 34.3L136.6 216H424c13.3 0 24 10.7 24 24v32c0 13.3-10.7 24-24 24H136.6l120.5 114.8c9.8 9.3 10 24.8.4 34.3z\"><\/path><\/svg>\t\t\t<\/span>\n\t\t\t\t\t\t\t\t\t<span class=\"elementor-button-text\">Back<\/span>\n\t\t\t\t\t<\/span>\n\t\t\t\t\t<\/a>\n\t\t\t\t<\/div>\n\t\t\t\t\t\t\t\t<\/div>\n\t\t\t\t<\/div>\n\t\t\t\t\t<\/div>\n\t\t<\/div>\n\t\t\t\t<div class=\"elementor-column elementor-col-33 elementor-top-column elementor-element elementor-element-7ca13284\" data-id=\"7ca13284\" data-element_type=\"column\">\n\t\t\t<div class=\"elementor-widget-wrap elementor-element-populated\">\n\t\t\t\t\t\t<div class=\"elementor-element elementor-element-351a1939 elementor-widget elementor-widget-image\" data-id=\"351a1939\" data-element_type=\"widget\" data-widget_type=\"image.default\">\n\t\t\t\t<div class=\"elementor-widget-container\">\n\t\t\t\t\t\t\t\t\t\t\t\t\t\t\t<img fetchpriority=\"high\" decoding=\"async\" width=\"300\" height=\"272\" src=\"https:\/\/siesue.conare.ac.cr\/en\/wp-content\/uploads\/sites\/2\/2021\/04\/Captura_de_Pantalla_2021-04-22_a_las_14.29.22-300x272.png\" class=\"attachment-medium size-medium wp-image-3178\" alt=\"\" srcset=\"https:\/\/siesue.conare.ac.cr\/en\/wp-content\/uploads\/sites\/2\/2021\/04\/Captura_de_Pantalla_2021-04-22_a_las_14.29.22-300x272.png 300w, https:\/\/siesue.conare.ac.cr\/en\/wp-content\/uploads\/sites\/2\/2021\/04\/Captura_de_Pantalla_2021-04-22_a_las_14.29.22-768x696.png 768w, https:\/\/siesue.conare.ac.cr\/en\/wp-content\/uploads\/sites\/2\/2021\/04\/Captura_de_Pantalla_2021-04-22_a_las_14.29.22-24x22.png 24w, https:\/\/siesue.conare.ac.cr\/en\/wp-content\/uploads\/sites\/2\/2021\/04\/Captura_de_Pantalla_2021-04-22_a_las_14.29.22-36x33.png 36w, https:\/\/siesue.conare.ac.cr\/en\/wp-content\/uploads\/sites\/2\/2021\/04\/Captura_de_Pantalla_2021-04-22_a_las_14.29.22-48x43.png 48w, https:\/\/siesue.conare.ac.cr\/en\/wp-content\/uploads\/sites\/2\/2021\/04\/Captura_de_Pantalla_2021-04-22_a_las_14.29.22.png 786w\" sizes=\"(max-width: 300px) 100vw, 300px\" \/>\t\t\t\t\t\t\t\t\t\t\t\t\t\t\t<\/div>\n\t\t\t\t<\/div>\n\t\t\t\t\t<\/div>\n\t\t<\/div>\n\t\t\t\t<div class=\"elementor-column elementor-col-33 elementor-top-column elementor-element elementor-element-8358b4a\" data-id=\"8358b4a\" data-element_type=\"column\">\n\t\t\t<div class=\"elementor-widget-wrap\">\n\t\t\t\t\t\t\t<\/div>\n\t\t<\/div>\n\t\t\t\t\t<\/div>\n\t\t<\/section>\n\t\t\t\t<section class=\"elementor-section elementor-top-section elementor-element elementor-element-236c7b33 elementor-section-boxed elementor-section-height-default elementor-section-height-default\" data-id=\"236c7b33\" data-element_type=\"section\">\n\t\t\t\t\t\t<div class=\"elementor-container elementor-column-gap-default\">\n\t\t\t\t\t<div class=\"elementor-column elementor-col-100 elementor-top-column elementor-element elementor-element-6bcbbb2c\" data-id=\"6bcbbb2c\" data-element_type=\"column\">\n\t\t\t<div class=\"elementor-widget-wrap elementor-element-populated\">\n\t\t\t\t\t\t<div class=\"elementor-element elementor-element-40a8103d elementor-widget elementor-widget-heading\" data-id=\"40a8103d\" data-element_type=\"widget\" data-widget_type=\"heading.default\">\n\t\t\t\t<div class=\"elementor-widget-container\">\n\t\t\t\t\t<h2 class=\"elementor-heading-title elementor-size-default\">Learning<\/h2>\t\t\t\t<\/div>\n\t\t\t\t<\/div>\n\t\t\t\t<div class=\"elementor-element elementor-element-0d30b1a elementor-widget elementor-widget-heading\" data-id=\"0d30b1a\" data-element_type=\"widget\" data-widget_type=\"heading.default\">\n\t\t\t\t<div class=\"elementor-widget-container\">\n\t\t\t\t\t<h4 class=\"elementor-heading-title elementor-size-default\">Axes of action<\/h4>\t\t\t\t<\/div>\n\t\t\t\t<\/div>\n\t\t\t\t<section class=\"elementor-section elementor-inner-section elementor-element elementor-element-c2d8f60 elementor-section-boxed elementor-section-height-default elementor-section-height-default\" data-id=\"c2d8f60\" data-element_type=\"section\">\n\t\t\t\t\t\t<div class=\"elementor-container elementor-column-gap-default\">\n\t\t\t\t\t<div class=\"elementor-column elementor-col-20 elementor-inner-column elementor-element elementor-element-716259c2\" data-id=\"716259c2\" data-element_type=\"column\">\n\t\t\t<div class=\"elementor-widget-wrap elementor-element-populated\">\n\t\t\t\t\t\t<div class=\"elementor-element elementor-element-13c3c741 elementor-align-justify boton-indicadores elementor-widget elementor-widget-button\" data-id=\"13c3c741\" data-element_type=\"widget\" data-widget_type=\"button.default\">\n\t\t\t\t<div class=\"elementor-widget-container\">\n\t\t\t\t\t\t\t\t\t<div class=\"elementor-button-wrapper\">\n\t\t\t\t\t<a class=\"elementor-button elementor-button-link elementor-size-sm\" href=\"\/en\/pertenencia-e-impacto\">\n\t\t\t\t\t\t<span class=\"elementor-button-content-wrapper\">\n\t\t\t\t\t\t\t\t\t<span class=\"elementor-button-text\">Belonging and Impact<\/span>\n\t\t\t\t\t<\/span>\n\t\t\t\t\t<\/a>\n\t\t\t\t<\/div>\n\t\t\t\t\t\t\t\t<\/div>\n\t\t\t\t<\/div>\n\t\t\t\t\t<\/div>\n\t\t<\/div>\n\t\t\t\t<div class=\"elementor-column elementor-col-20 elementor-inner-column elementor-element elementor-element-6c076f91\" data-id=\"6c076f91\" data-element_type=\"column\">\n\t\t\t<div class=\"elementor-widget-wrap elementor-element-populated\">\n\t\t\t\t\t\t<div class=\"elementor-element elementor-element-39687562 elementor-align-justify boton-indicadores elementor-widget elementor-widget-button\" data-id=\"39687562\" data-element_type=\"widget\" data-widget_type=\"button.default\">\n\t\t\t\t<div class=\"elementor-widget-container\">\n\t\t\t\t\t\t\t\t\t<div class=\"elementor-button-wrapper\">\n\t\t\t\t\t<a class=\"elementor-button elementor-button-link elementor-size-sm\" href=\"\/en\/acceso-y-equidad\/\">\n\t\t\t\t\t\t<span class=\"elementor-button-content-wrapper\">\n\t\t\t\t\t\t\t\t\t<span class=\"elementor-button-text\">Access and Equity<\/span>\n\t\t\t\t\t<\/span>\n\t\t\t\t\t<\/a>\n\t\t\t\t<\/div>\n\t\t\t\t\t\t\t\t<\/div>\n\t\t\t\t<\/div>\n\t\t\t\t\t<\/div>\n\t\t<\/div>\n\t\t\t\t<div class=\"elementor-column elementor-col-20 elementor-inner-column elementor-element elementor-element-56d218db\" data-id=\"56d218db\" data-element_type=\"column\">\n\t\t\t<div class=\"elementor-widget-wrap elementor-element-populated\">\n\t\t\t\t\t\t<div class=\"elementor-element elementor-element-45595626 elementor-align-justify boton-indicadores elementor-widget elementor-widget-button\" data-id=\"45595626\" data-element_type=\"widget\" data-widget_type=\"button.default\">\n\t\t\t\t<div class=\"elementor-widget-container\">\n\t\t\t\t\t\t\t\t\t<div class=\"elementor-button-wrapper\">\n\t\t\t\t\t<a class=\"elementor-button elementor-button-link elementor-size-sm\" href=\"\/en\/aprendizaje\/\">\n\t\t\t\t\t\t<span class=\"elementor-button-content-wrapper\">\n\t\t\t\t\t\t<span class=\"elementor-button-icon\">\n\t\t\t\t<svg aria-hidden=\"true\" class=\"e-font-icon-svg e-far-eye\" viewBox=\"0 0 576 512\" xmlns=\"http:\/\/www.w3.org\/2000\/svg\"><path d=\"M288 144a110.94 110.94 0 0 0-31.24 5 55.4 55.4 0 0 1 7.24 27 56 56 0 0 1-56 56 55.4 55.4 0 0 1-27-7.24A111.71 111.71 0 1 0 288 144zm284.52 97.4C518.29 135.59 410.93 64 288 64S57.68 135.64 3.48 241.41a32.35 32.35 0 0 0 0 29.19C57.71 376.41 165.07 448 288 448s230.32-71.64 284.52-177.41a32.35 32.35 0 0 0 0-29.19zM288 400c-98.65 0-189.09-55-237.93-144C98.91 167 189.34 112 288 112s189.09 55 237.93 144C477.1 345 386.66 400 288 400z\"><\/path><\/svg>\t\t\t<\/span>\n\t\t\t\t\t\t\t\t\t<span class=\"elementor-button-text\">Learning<\/span>\n\t\t\t\t\t<\/span>\n\t\t\t\t\t<\/a>\n\t\t\t\t<\/div>\n\t\t\t\t\t\t\t\t<\/div>\n\t\t\t\t<\/div>\n\t\t\t\t\t<\/div>\n\t\t<\/div>\n\t\t\t\t<div class=\"elementor-column elementor-col-20 elementor-inner-column elementor-element elementor-element-7c7e3da9\" data-id=\"7c7e3da9\" data-element_type=\"column\">\n\t\t\t<div class=\"elementor-widget-wrap elementor-element-populated\">\n\t\t\t\t\t\t<div class=\"elementor-element elementor-element-4f3892b2 elementor-align-justify boton-indicadores elementor-widget elementor-widget-button\" data-id=\"4f3892b2\" data-element_type=\"widget\" data-widget_type=\"button.default\">\n\t\t\t\t<div class=\"elementor-widget-container\">\n\t\t\t\t\t\t\t\t\t<div class=\"elementor-button-wrapper\">\n\t\t\t\t\t<a class=\"elementor-button elementor-button-link elementor-size-sm\" href=\"\/en\/ciencia-y-tecnologia\/\">\n\t\t\t\t\t\t<span class=\"elementor-button-content-wrapper\">\n\t\t\t\t\t\t\t\t\t<span class=\"elementor-button-text\">Science and Technology<\/span>\n\t\t\t\t\t<\/span>\n\t\t\t\t\t<\/a>\n\t\t\t\t<\/div>\n\t\t\t\t\t\t\t\t<\/div>\n\t\t\t\t<\/div>\n\t\t\t\t\t<\/div>\n\t\t<\/div>\n\t\t\t\t<div class=\"elementor-column elementor-col-20 elementor-inner-column elementor-element elementor-element-649f29ef\" data-id=\"649f29ef\" data-element_type=\"column\">\n\t\t\t<div class=\"elementor-widget-wrap elementor-element-populated\">\n\t\t\t\t\t\t<div class=\"elementor-element elementor-element-6a6cbfc4 elementor-align-justify boton-indicadores elementor-widget elementor-widget-button\" data-id=\"6a6cbfc4\" data-element_type=\"widget\" data-widget_type=\"button.default\">\n\t\t\t\t<div class=\"elementor-widget-container\">\n\t\t\t\t\t\t\t\t\t<div class=\"elementor-button-wrapper\">\n\t\t\t\t\t<a class=\"elementor-button elementor-button-link elementor-size-sm\" href=\"\/en\/gestion\/\">\n\t\t\t\t\t\t<span class=\"elementor-button-content-wrapper\">\n\t\t\t\t\t\t\t\t\t<span class=\"elementor-button-text\">Management<\/span>\n\t\t\t\t\t<\/span>\n\t\t\t\t\t<\/a>\n\t\t\t\t<\/div>\n\t\t\t\t\t\t\t\t<\/div>\n\t\t\t\t<\/div>\n\t\t\t\t\t<\/div>\n\t\t<\/div>\n\t\t\t\t\t<\/div>\n\t\t<\/section>\n\t\t\t\t<div class=\"elementor-element elementor-element-7a09b9eb elementor-tabs-view-horizontal elementor-widget elementor-widget-tabs\" data-id=\"7a09b9eb\" data-element_type=\"widget\" data-widget_type=\"tabs.default\">\n\t\t\t\t<div class=\"elementor-widget-container\">\n\t\t\t\t\t\t\t<div class=\"elementor-tabs\">\n\t\t\t<div class=\"elementor-tabs-wrapper\" role=\"tablist\" >\n\t\t\t\t\t\t\t\t\t<div id=\"elementor-tab-title-2041\" class=\"elementor-tab-title elementor-tab-desktop-title\" aria-selected=\"true\" data-tab=\"1\" role=\"tab\" tabindex=\"0\" aria-controls=\"elementor-tab-content-2041\" aria-expanded=\"false\">Academic development<\/div>\n\t\t\t\t\t\t\t\t\t<div id=\"elementor-tab-title-2042\" class=\"elementor-tab-title elementor-tab-desktop-title\" aria-selected=\"false\" data-tab=\"2\" role=\"tab\" tabindex=\"-1\" aria-controls=\"elementor-tab-content-2042\" aria-expanded=\"false\">Continuing Education<\/div>\n\t\t\t\t\t\t\t\t\t<div id=\"elementor-tab-title-2043\" class=\"elementor-tab-title elementor-tab-desktop-title\" aria-selected=\"false\" data-tab=\"3\" role=\"tab\" tabindex=\"-1\" aria-controls=\"elementor-tab-content-2043\" aria-expanded=\"false\">Evaluation<\/div>\n\t\t\t\t\t\t\t<\/div>\n\t\t\t<div class=\"elementor-tabs-content-wrapper\" role=\"tablist\" aria-orientation=\"vertical\">\n\t\t\t\t\t\t\t\t\t<div class=\"elementor-tab-title elementor-tab-mobile-title\" aria-selected=\"true\" data-tab=\"1\" role=\"tab\" tabindex=\"0\" aria-controls=\"elementor-tab-content-2041\" aria-expanded=\"false\">Academic development<\/div>\n\t\t\t\t\t<div id=\"elementor-tab-content-2041\" class=\"elementor-tab-content elementor-clearfix\" data-tab=\"1\" role=\"tabpanel\" aria-labelledby=\"elementor-tab-title-2041\" tabindex=\"0\" hidden=\"false\"><h3 style=\"text-align: center;\"><strong>Oportunidades acad\u00e9micas ofertadas o vigentes<\/strong><\/h3>\n<div class=\"buttons\"><a class=\"mi-btn\" href=\"wordpress\/tableu-oportunidades-academicas-ofertadas-o-vigentes\/\" target=\"_blank\" rel=\"noopener\"><strong> VER RESULTADOS<\/strong><\/a><\/div>\n<table>\n<thead>\n<tr>\n<th>C\u00f3digo<\/th>\n<th>14<\/th>\n<\/tr>\n<\/thead>\n<tbody>\n<tr>\n<td><b>Denominaci\u00f3n<\/b><\/td>\n<td>Oportunidades acad\u00e9micas ofertadas o vigentes.<\/td>\n<\/tr>\n<tr>\n<td><b>Descripci\u00f3n<\/b><\/td>\n<td>Refleja la cantidad de oportunidades acad\u00e9micas vigentes que una instituci\u00f3n ofrece.<\/td>\n<\/tr>\n<tr>\n<td><b>Forma de c\u00e1lculo<\/b><\/td>\n<td>Conteo de las oportunidades acad\u00e9micas.<\/td>\n<\/tr>\n<tr>\n<td><b>Unidad de medida<\/b><\/td>\n<td>La oportunidad acad\u00e9mica de pregrado, grado o posgrado.<\/td>\n<\/tr>\n<tr>\n<td><b>Interpretaci\u00f3n<\/b><\/td>\n<td>El desarrollo de oportunidades acad\u00e9micas en instituciones de educaci\u00f3n superior p\u00fablica generan conocimientos en beneficio de la sociedad.<\/td>\n<\/tr>\n<tr>\n<td><b>Caracter\u00edsticas<\/b><\/td>\n<td>\n<ul>1. Periodicidad: Anual.<\/ul>\n<ul>2. Fuente de informaci\u00f3n: Vicerrector\u00edas de Docencia, Oficinas de Registro, Oficinas de Planificaci\u00f3n Universitaria.<\/ul>\n<ul>3. Responsable: Oficinas de Planificaci\u00f3n Universitaria.<\/ul>\n<\/td>\n<\/tr>\n<tr>\n<td><b>Observaciones<\/b><\/td>\n<td>Es muy importante que la desagregaci\u00f3n se haga para sedes regionales y centros acad\u00e9micos.<\/td>\n<\/tr>\n<tr>\n<td><b>Nivel de desagregaci\u00f3n<\/b><\/td>\n<td>Por universidad, sede regional, recinto, centro acad\u00e9mico, unidades acad\u00e9micas.<\/td>\n<\/tr>\n<\/tbody>\n<\/table><\/div>\n\t\t\t\t\t\t\t\t\t<div class=\"elementor-tab-title elementor-tab-mobile-title\" aria-selected=\"false\" data-tab=\"2\" role=\"tab\" tabindex=\"-1\" aria-controls=\"elementor-tab-content-2042\" aria-expanded=\"false\">Continuing Education<\/div>\n\t\t\t\t\t<div id=\"elementor-tab-content-2042\" class=\"elementor-tab-content elementor-clearfix\" data-tab=\"2\" role=\"tabpanel\" aria-labelledby=\"elementor-tab-title-2042\" tabindex=\"0\" hidden=\"hidden\"><h3 style=\"text-align: center;\"><strong>Cantidad de estudiantes en proyectos de investigaci\u00f3n<\/strong><\/h3>\n<div class=\"buttons\"><a class=\"mi-btn\" href=\"wordpress\/tableu-cantidad-de-estudiantes-en-proyectos-de-investigacion\/\" target=\"_blank\" rel=\"noopener\"><strong> VER RESULTADOS<\/strong><\/a><\/div>\n<table class=\"zebra\">\n<thead>\n<tr>\n<th><strong>C\u00f3digo<\/strong><\/th>\n<th><strong>16<\/strong><\/th>\n<\/tr>\n<\/thead>\n<tbody>\n<tr>\n<td><strong>Denominaci\u00f3n<\/strong><\/td>\n<td>Cantidad de estudiantes en proyectos de Investigaci\u00f3n.<\/td>\n<\/tr>\n<tr class=\"odd\">\n<td><strong>Descripci\u00f3n<\/strong><\/td>\n<td>Raz\u00f3n de participaci\u00f3n estudiantil en proyectos de Investigaci\u00f3n.<\/td>\n<\/tr>\n<tr>\n<td><strong>Forma de c\u00e1lculo<\/strong><\/td>\n<td>\u00a0\u00a0No. de estudiantes en proyectos vigentes\u00a0 * (100)\nTotal de proyectos vigentes<\/td>\n<\/tr>\n<tr class=\"odd\">\n<td><strong>Unidad de medida<\/strong><\/td>\n<td>Estudiante participando en proyecto de Investigaci\u00f3n vigente.<\/td>\n<\/tr>\n<tr>\n<td><strong>Interpretaci\u00f3n<\/strong><\/td>\n<td>Entre mayor sea el producto, mayor es el grado de participaci\u00f3n estudiantil en proyectos de investigaci\u00f3n vigentes.<\/td>\n<\/tr>\n<tr class=\"odd\">\n<td><strong>Caracter\u00edsticas<\/strong><\/td>\n<td>\n<ul>\n \t<li>Periodicidad:\u00a0Anual.<\/li>\n \t<li>Fuente de informaci\u00f3n: Direcciones de Investigaci\u00f3n y Vicerrectorias Investigaci\u00f3n.<\/li>\n \t<li>Responsable:\u00a0Vicerrector\u00edas.<\/li>\n<\/ul>\n<\/td>\n<\/tr>\n<tr>\n<td><strong>Observaciones<\/strong><\/td>\n<td>Se trabaja con los proyectos de investigaci\u00f3n vigentes, es decir, los que se encuentran en ejecuci\u00f3n durante el a\u00f1o de an\u00e1lisis.<\/td>\n<\/tr>\n<tr class=\"odd\">\n<td><strong>Nivel de desagregaci\u00f3n<\/strong><\/td>\n<td>Por universidad y \u00e1rea (Investigaci\u00f3n, Acci\u00f3n SOcial y Vida Estudiantil).<\/td>\n<\/tr>\n<\/tbody>\n<\/table><\/div>\n\t\t\t\t\t\t\t\t\t<div class=\"elementor-tab-title elementor-tab-mobile-title\" aria-selected=\"false\" data-tab=\"3\" role=\"tab\" tabindex=\"-1\" aria-controls=\"elementor-tab-content-2043\" aria-expanded=\"false\">Evaluation<\/div>\n\t\t\t\t\t<div id=\"elementor-tab-content-2043\" class=\"elementor-tab-content elementor-clearfix\" data-tab=\"3\" role=\"tabpanel\" aria-labelledby=\"elementor-tab-title-2043\" tabindex=\"0\" hidden=\"hidden\"><h3 style=\"text-align: center;\"><strong>Carreras acreditadas o reacreditadas vigentes.<\/strong><\/h3>\n<div class=\"buttons\"><a class=\"mi-btn\" href=\"wordpress\/tableu-carreras-acreditadas-o-reacreditadas-vigentes\/\" target=\"_blank\" rel=\"noopener\"><strong> VER RESULTADOS<\/strong><\/a><\/div>\n<table>\n<thead>\n<tr>\n<th>C\u00f3digo<\/th>\n<th>17<\/th>\n<\/tr>\n<\/thead>\n<tbody>\n<tr>\n<td><b>Denominaci\u00f3n<\/b><\/td>\n<td>Carreras acreditadas o reacreditadas vigentes.<\/td>\n<\/tr>\n<tr>\n<td><b>Descripci\u00f3n<\/b><\/td>\n<td>Muestra la cantidad de carreras que finalizaron sus procesos y recibieron su acreditaci\u00f3n o reacreditaci\u00f3n para un periodo determinado.<\/td>\n<\/tr>\n<tr>\n<td><b>Forma de c\u00e1lculo<\/b><\/td>\n<td>Carrera con acreditaci\u00f3n o reacreditaci\u00f3n vigente.<\/td>\n<\/tr>\n<tr>\n<td><b>Unidad de medida<\/b><\/td>\n<td>Estudiante de primer ingreso matriculado en el a\u00f1o de inter\u00e9s.<\/td>\n<\/tr>\n<tr>\n<td><b>Interpretaci\u00f3n<\/b><\/td>\n<td>La acreditaci\u00f3n mejora la calidad de los procesos de ense\u00f1anza.<\/td>\n<\/tr>\n<tr>\n<td><b>Caracter\u00edsticas<\/b><\/td>\n<td>\n<ul>1. Periodicidad: Anual.<\/ul>\n<ul>2. Fuente de informaci\u00f3n: Ente t\u00e9cnico oficial de cada universidad.<\/ul>\n<ul>3. Responsable: Oficinas de Planificaci\u00f3n.<\/ul>\n<\/td>\n<\/tr>\n<tr>\n<td><b>Observaciones<\/b><\/td>\n<td>Se consideran tanto las carreras acreditadas como las reacreditadas. Se calcula para cada universidad y se reconocer\u00e1n tanto las acreditaciones nacionales como las internacionales siempre que la agencia sea reconocida. Las carreras de grado impartidas en diferente sedes o jornadas se consideran por aparte. Son objeto de acreditaci\u00f3n aquellas carreras que cuentan con un ente que los puede acreditar y que cumplen los requisitos formalmente establecidos (debiendo quedar \u00e9stos claramente delimitados). Se incluyen carreras de grado y posgrados con acreditaci\u00f3n vigente en el a\u00f1o considerado.<\/td>\n<\/tr>\n<tr>\n<td><b>Nivel de desagregaci\u00f3n<\/b><\/td>\n<td>Por universidad, nivel acad\u00e9mico (grado y posgrado), carreras acreditadas nuevas de vada periodo vigente, cerreras reacreditadas nuevas de cada periodo vigentes..<\/td>\n<\/tr>\n<\/tbody>\n<\/table><\/div>\n\t\t\t\t\t\t\t<\/div>\n\t\t<\/div>\n\t\t\t\t\t\t<\/div>\n\t\t\t\t<\/div>\n\t\t\t\t\t<\/div>\n\t\t<\/div>\n\t\t\t\t\t<\/div>\n\t\t<\/section>\n\t\t\t\t<\/div>\n\t\t","protected":false},"excerpt":{"rendered":"<p>Back Learning Axes of action Belonging and Impact Access and Equity Learning Science and Technology Management Academic development Continuing Education Evaluation Academic development Oportunidades acad\u00c3\u00a9micas ofertadas o vigentes VER RESULTADOS C\u00c3\u00b3digo 14 Denominaci\u00c3\u00b3n Oportunidades acad\u00c3\u00a9micas ofertadas o vigentes. Descripci\u00c3\u00b3n Refleja la cantidad de oportunidades acad\u00c3\u00a9micas vigentes que una instituci\u00c3\u00b3n ofrece. Forma de c\u00c3\u00a1lculo Conteo de [&hellip;]<\/p>\n","protected":false},"author":1,"featured_media":0,"parent":0,"menu_order":0,"comment_status":"closed","ping_status":"closed","template":"","meta":{"footnotes":""},"class_list":["post-1365","page","type-page","status-publish","hentry"],"_links":{"self":[{"href":"https:\/\/siesue.conare.ac.cr\/en\/wp-json\/wp\/v2\/pages\/1365","targetHints":{"allow":["GET"]}}],"collection":[{"href":"https:\/\/siesue.conare.ac.cr\/en\/wp-json\/wp\/v2\/pages"}],"about":[{"href":"https:\/\/siesue.conare.ac.cr\/en\/wp-json\/wp\/v2\/types\/page"}],"author":[{"embeddable":true,"href":"https:\/\/siesue.conare.ac.cr\/en\/wp-json\/wp\/v2\/users\/1"}],"replies":[{"embeddable":true,"href":"https:\/\/siesue.conare.ac.cr\/en\/wp-json\/wp\/v2\/comments?post=1365"}],"version-history":[{"count":82,"href":"https:\/\/siesue.conare.ac.cr\/en\/wp-json\/wp\/v2\/pages\/1365\/revisions"}],"predecessor-version":[{"id":4302,"href":"https:\/\/siesue.conare.ac.cr\/en\/wp-json\/wp\/v2\/pages\/1365\/revisions\/4302"}],"wp:attachment":[{"href":"https:\/\/siesue.conare.ac.cr\/en\/wp-json\/wp\/v2\/media?parent=1365"}],"curies":[{"name":"wp","href":"https:\/\/api.w.org\/{rel}","templated":true}]}}