{"id":1394,"date":"2021-03-31T00:04:56","date_gmt":"2021-03-31T00:04:56","guid":{"rendered":"http:\/\/siesue.conare.ac.cr\/en\/?page_id=1394"},"modified":"2023-03-03T12:51:16","modified_gmt":"2023-03-03T12:51:16","slug":"ciencia-y-tecnologia","status":"publish","type":"page","link":"https:\/\/siesue.conare.ac.cr\/en\/ciencia-y-tecnologia\/","title":{"rendered":"Ciencia y Tecnolog\u00ed\u00ada"},"content":{"rendered":"\t\t<div data-elementor-type=\"wp-page\" data-elementor-id=\"1394\" class=\"elementor elementor-1394\">\n\t\t\t\t\t\t<section class=\"elementor-section elementor-top-section elementor-element elementor-element-53b82f3 elementor-section-boxed elementor-section-height-default elementor-section-height-default\" data-id=\"53b82f3\" data-element_type=\"section\">\n\t\t\t\t\t\t<div class=\"elementor-container elementor-column-gap-default\">\n\t\t\t\t\t<div class=\"elementor-column elementor-col-100 elementor-top-column elementor-element elementor-element-2ac4389\" data-id=\"2ac4389\" data-element_type=\"column\">\n\t\t\t<div class=\"elementor-widget-wrap elementor-element-populated\">\n\t\t\t\t\t\t<div class=\"elementor-element elementor-element-e4bb993 elementor-widget elementor-widget-spacer\" data-id=\"e4bb993\" data-element_type=\"widget\" data-widget_type=\"spacer.default\">\n\t\t\t\t<div class=\"elementor-widget-container\">\n\t\t\t\t\t\t\t<div class=\"elementor-spacer\">\n\t\t\t<div class=\"elementor-spacer-inner\"><\/div>\n\t\t<\/div>\n\t\t\t\t\t\t<\/div>\n\t\t\t\t<\/div>\n\t\t\t\t\t<\/div>\n\t\t<\/div>\n\t\t\t\t\t<\/div>\n\t\t<\/section>\n\t\t\t\t<section class=\"elementor-section elementor-top-section elementor-element elementor-element-6a241802 elementor-section-boxed elementor-section-height-default elementor-section-height-default\" data-id=\"6a241802\" data-element_type=\"section\">\n\t\t\t\t\t\t<div class=\"elementor-container elementor-column-gap-default\">\n\t\t\t\t\t<div class=\"elementor-column elementor-col-33 elementor-top-column elementor-element elementor-element-7482a7a2\" data-id=\"7482a7a2\" data-element_type=\"column\">\n\t\t\t<div class=\"elementor-widget-wrap elementor-element-populated\">\n\t\t\t\t\t\t<div class=\"elementor-element elementor-element-274da12d elementor-widget elementor-widget-button\" data-id=\"274da12d\" data-element_type=\"widget\" data-widget_type=\"button.default\">\n\t\t\t\t<div class=\"elementor-widget-container\">\n\t\t\t\t\t\t\t\t\t<div class=\"elementor-button-wrapper\">\n\t\t\t\t\t<a class=\"elementor-button elementor-button-link elementor-size-sm\" href=\"\/en\/plan-nacional-de-educacion-superior-2011-2015\/\">\n\t\t\t\t\t\t<span class=\"elementor-button-content-wrapper\">\n\t\t\t\t\t\t<span class=\"elementor-button-icon\">\n\t\t\t\t<svg aria-hidden=\"true\" class=\"e-font-icon-svg e-fas-arrow-left\" viewBox=\"0 0 448 512\" xmlns=\"http:\/\/www.w3.org\/2000\/svg\"><path d=\"M257.5 445.1l-22.2 22.2c-9.4 9.4-24.6 9.4-33.9 0L7 273c-9.4-9.4-9.4-24.6 0-33.9L201.4 44.7c9.4-9.4 24.6-9.4 33.9 0l22.2 22.2c9.5 9.5 9.3 25-.4 34.3L136.6 216H424c13.3 0 24 10.7 24 24v32c0 13.3-10.7 24-24 24H136.6l120.5 114.8c9.8 9.3 10 24.8.4 34.3z\"><\/path><\/svg>\t\t\t<\/span>\n\t\t\t\t\t\t\t\t\t<span class=\"elementor-button-text\">Back<\/span>\n\t\t\t\t\t<\/span>\n\t\t\t\t\t<\/a>\n\t\t\t\t<\/div>\n\t\t\t\t\t\t\t\t<\/div>\n\t\t\t\t<\/div>\n\t\t\t\t\t<\/div>\n\t\t<\/div>\n\t\t\t\t<div class=\"elementor-column elementor-col-33 elementor-top-column elementor-element elementor-element-878c512\" data-id=\"878c512\" data-element_type=\"column\">\n\t\t\t<div class=\"elementor-widget-wrap elementor-element-populated\">\n\t\t\t\t\t\t<div class=\"elementor-element elementor-element-fb8a8b6 elementor-widget elementor-widget-image\" data-id=\"fb8a8b6\" data-element_type=\"widget\" data-widget_type=\"image.default\">\n\t\t\t\t<div class=\"elementor-widget-container\">\n\t\t\t\t\t\t\t\t\t\t\t\t\t\t\t<img fetchpriority=\"high\" decoding=\"async\" width=\"300\" height=\"272\" src=\"https:\/\/siesue.conare.ac.cr\/en\/wp-content\/uploads\/sites\/2\/2021\/04\/Captura_de_Pantalla_2021-04-22_a_las_14.29.22-300x272.png\" class=\"attachment-medium size-medium wp-image-3178\" alt=\"\" srcset=\"https:\/\/siesue.conare.ac.cr\/en\/wp-content\/uploads\/sites\/2\/2021\/04\/Captura_de_Pantalla_2021-04-22_a_las_14.29.22-300x272.png 300w, https:\/\/siesue.conare.ac.cr\/en\/wp-content\/uploads\/sites\/2\/2021\/04\/Captura_de_Pantalla_2021-04-22_a_las_14.29.22-768x696.png 768w, https:\/\/siesue.conare.ac.cr\/en\/wp-content\/uploads\/sites\/2\/2021\/04\/Captura_de_Pantalla_2021-04-22_a_las_14.29.22-24x22.png 24w, https:\/\/siesue.conare.ac.cr\/en\/wp-content\/uploads\/sites\/2\/2021\/04\/Captura_de_Pantalla_2021-04-22_a_las_14.29.22-36x33.png 36w, https:\/\/siesue.conare.ac.cr\/en\/wp-content\/uploads\/sites\/2\/2021\/04\/Captura_de_Pantalla_2021-04-22_a_las_14.29.22-48x43.png 48w, https:\/\/siesue.conare.ac.cr\/en\/wp-content\/uploads\/sites\/2\/2021\/04\/Captura_de_Pantalla_2021-04-22_a_las_14.29.22.png 786w\" sizes=\"(max-width: 300px) 100vw, 300px\" \/>\t\t\t\t\t\t\t\t\t\t\t\t\t\t\t<\/div>\n\t\t\t\t<\/div>\n\t\t\t\t\t<\/div>\n\t\t<\/div>\n\t\t\t\t<div class=\"elementor-column elementor-col-33 elementor-top-column elementor-element elementor-element-3bb708d\" data-id=\"3bb708d\" data-element_type=\"column\">\n\t\t\t<div class=\"elementor-widget-wrap\">\n\t\t\t\t\t\t\t<\/div>\n\t\t<\/div>\n\t\t\t\t\t<\/div>\n\t\t<\/section>\n\t\t\t\t<section class=\"elementor-section elementor-top-section elementor-element elementor-element-1e66376d elementor-section-boxed elementor-section-height-default elementor-section-height-default\" data-id=\"1e66376d\" data-element_type=\"section\">\n\t\t\t\t\t\t<div class=\"elementor-container elementor-column-gap-default\">\n\t\t\t\t\t<div class=\"elementor-column elementor-col-100 elementor-top-column elementor-element elementor-element-278e167a\" data-id=\"278e167a\" data-element_type=\"column\">\n\t\t\t<div class=\"elementor-widget-wrap elementor-element-populated\">\n\t\t\t\t\t\t<div class=\"elementor-element elementor-element-60459722 elementor-widget elementor-widget-heading\" data-id=\"60459722\" data-element_type=\"widget\" data-widget_type=\"heading.default\">\n\t\t\t\t<div class=\"elementor-widget-container\">\n\t\t\t\t\t<h2 class=\"elementor-heading-title elementor-size-default\">Science and Technology<\/h2>\t\t\t\t<\/div>\n\t\t\t\t<\/div>\n\t\t\t\t<div class=\"elementor-element elementor-element-b452c79 elementor-widget elementor-widget-heading\" data-id=\"b452c79\" data-element_type=\"widget\" data-widget_type=\"heading.default\">\n\t\t\t\t<div class=\"elementor-widget-container\">\n\t\t\t\t\t<h4 class=\"elementor-heading-title elementor-size-default\">Axes of action<\/h4>\t\t\t\t<\/div>\n\t\t\t\t<\/div>\n\t\t\t\t<section class=\"elementor-section elementor-inner-section elementor-element elementor-element-5d8865ad elementor-section-boxed elementor-section-height-default elementor-section-height-default\" data-id=\"5d8865ad\" data-element_type=\"section\">\n\t\t\t\t\t\t<div class=\"elementor-container elementor-column-gap-default\">\n\t\t\t\t\t<div class=\"elementor-column elementor-col-20 elementor-inner-column elementor-element elementor-element-25e32db\" data-id=\"25e32db\" data-element_type=\"column\">\n\t\t\t<div class=\"elementor-widget-wrap elementor-element-populated\">\n\t\t\t\t\t\t<div class=\"elementor-element elementor-element-6d1ef935 elementor-align-justify boton-indicadores elementor-widget elementor-widget-button\" data-id=\"6d1ef935\" data-element_type=\"widget\" data-widget_type=\"button.default\">\n\t\t\t\t<div class=\"elementor-widget-container\">\n\t\t\t\t\t\t\t\t\t<div class=\"elementor-button-wrapper\">\n\t\t\t\t\t<a class=\"elementor-button elementor-button-link elementor-size-sm\" href=\"\/en\/pertenencia-e-impacto\">\n\t\t\t\t\t\t<span class=\"elementor-button-content-wrapper\">\n\t\t\t\t\t\t\t\t\t<span class=\"elementor-button-text\">Belonging and Impact<\/span>\n\t\t\t\t\t<\/span>\n\t\t\t\t\t<\/a>\n\t\t\t\t<\/div>\n\t\t\t\t\t\t\t\t<\/div>\n\t\t\t\t<\/div>\n\t\t\t\t\t<\/div>\n\t\t<\/div>\n\t\t\t\t<div class=\"elementor-column elementor-col-20 elementor-inner-column elementor-element elementor-element-28037207\" data-id=\"28037207\" data-element_type=\"column\">\n\t\t\t<div class=\"elementor-widget-wrap elementor-element-populated\">\n\t\t\t\t\t\t<div class=\"elementor-element elementor-element-49fc4592 elementor-align-justify boton-indicadores elementor-widget elementor-widget-button\" data-id=\"49fc4592\" data-element_type=\"widget\" data-widget_type=\"button.default\">\n\t\t\t\t<div class=\"elementor-widget-container\">\n\t\t\t\t\t\t\t\t\t<div class=\"elementor-button-wrapper\">\n\t\t\t\t\t<a class=\"elementor-button elementor-button-link elementor-size-sm\" href=\"\/en\/acceso-y-equidad\/\">\n\t\t\t\t\t\t<span class=\"elementor-button-content-wrapper\">\n\t\t\t\t\t\t\t\t\t<span class=\"elementor-button-text\">Access and Equity<\/span>\n\t\t\t\t\t<\/span>\n\t\t\t\t\t<\/a>\n\t\t\t\t<\/div>\n\t\t\t\t\t\t\t\t<\/div>\n\t\t\t\t<\/div>\n\t\t\t\t\t<\/div>\n\t\t<\/div>\n\t\t\t\t<div class=\"elementor-column elementor-col-20 elementor-inner-column elementor-element elementor-element-2fe9e80d\" data-id=\"2fe9e80d\" data-element_type=\"column\">\n\t\t\t<div class=\"elementor-widget-wrap elementor-element-populated\">\n\t\t\t\t\t\t<div class=\"elementor-element elementor-element-1c478b88 elementor-align-justify boton-indicadores elementor-widget elementor-widget-button\" data-id=\"1c478b88\" data-element_type=\"widget\" data-widget_type=\"button.default\">\n\t\t\t\t<div class=\"elementor-widget-container\">\n\t\t\t\t\t\t\t\t\t<div class=\"elementor-button-wrapper\">\n\t\t\t\t\t<a class=\"elementor-button elementor-button-link elementor-size-sm\" href=\"\/en\/aprendizaje\/\">\n\t\t\t\t\t\t<span class=\"elementor-button-content-wrapper\">\n\t\t\t\t\t\t\t\t\t<span class=\"elementor-button-text\">Learning<\/span>\n\t\t\t\t\t<\/span>\n\t\t\t\t\t<\/a>\n\t\t\t\t<\/div>\n\t\t\t\t\t\t\t\t<\/div>\n\t\t\t\t<\/div>\n\t\t\t\t\t<\/div>\n\t\t<\/div>\n\t\t\t\t<div class=\"elementor-column elementor-col-20 elementor-inner-column elementor-element elementor-element-40af131e\" data-id=\"40af131e\" data-element_type=\"column\">\n\t\t\t<div class=\"elementor-widget-wrap elementor-element-populated\">\n\t\t\t\t\t\t<div class=\"elementor-element elementor-element-248b5f8a elementor-align-justify boton-indicadores elementor-widget elementor-widget-button\" data-id=\"248b5f8a\" data-element_type=\"widget\" data-widget_type=\"button.default\">\n\t\t\t\t<div class=\"elementor-widget-container\">\n\t\t\t\t\t\t\t\t\t<div class=\"elementor-button-wrapper\">\n\t\t\t\t\t<a class=\"elementor-button elementor-button-link elementor-size-sm\" href=\"\/en\/ciencia-y-tecnologia\/\">\n\t\t\t\t\t\t<span class=\"elementor-button-content-wrapper\">\n\t\t\t\t\t\t<span class=\"elementor-button-icon\">\n\t\t\t\t<svg aria-hidden=\"true\" class=\"e-font-icon-svg e-far-eye\" viewBox=\"0 0 576 512\" xmlns=\"http:\/\/www.w3.org\/2000\/svg\"><path d=\"M288 144a110.94 110.94 0 0 0-31.24 5 55.4 55.4 0 0 1 7.24 27 56 56 0 0 1-56 56 55.4 55.4 0 0 1-27-7.24A111.71 111.71 0 1 0 288 144zm284.52 97.4C518.29 135.59 410.93 64 288 64S57.68 135.64 3.48 241.41a32.35 32.35 0 0 0 0 29.19C57.71 376.41 165.07 448 288 448s230.32-71.64 284.52-177.41a32.35 32.35 0 0 0 0-29.19zM288 400c-98.65 0-189.09-55-237.93-144C98.91 167 189.34 112 288 112s189.09 55 237.93 144C477.1 345 386.66 400 288 400z\"><\/path><\/svg>\t\t\t<\/span>\n\t\t\t\t\t\t\t\t\t<span class=\"elementor-button-text\">Science and Technology<\/span>\n\t\t\t\t\t<\/span>\n\t\t\t\t\t<\/a>\n\t\t\t\t<\/div>\n\t\t\t\t\t\t\t\t<\/div>\n\t\t\t\t<\/div>\n\t\t\t\t\t<\/div>\n\t\t<\/div>\n\t\t\t\t<div class=\"elementor-column elementor-col-20 elementor-inner-column elementor-element elementor-element-70a3a26\" data-id=\"70a3a26\" data-element_type=\"column\">\n\t\t\t<div class=\"elementor-widget-wrap elementor-element-populated\">\n\t\t\t\t\t\t<div class=\"elementor-element elementor-element-2a07b5d8 elementor-align-justify boton-indicadores elementor-widget elementor-widget-button\" data-id=\"2a07b5d8\" data-element_type=\"widget\" data-widget_type=\"button.default\">\n\t\t\t\t<div class=\"elementor-widget-container\">\n\t\t\t\t\t\t\t\t\t<div class=\"elementor-button-wrapper\">\n\t\t\t\t\t<a class=\"elementor-button elementor-button-link elementor-size-sm\" href=\"\/en\/gestion\/\">\n\t\t\t\t\t\t<span class=\"elementor-button-content-wrapper\">\n\t\t\t\t\t\t\t\t\t<span class=\"elementor-button-text\">Management<\/span>\n\t\t\t\t\t<\/span>\n\t\t\t\t\t<\/a>\n\t\t\t\t<\/div>\n\t\t\t\t\t\t\t\t<\/div>\n\t\t\t\t<\/div>\n\t\t\t\t\t<\/div>\n\t\t<\/div>\n\t\t\t\t\t<\/div>\n\t\t<\/section>\n\t\t\t\t<div class=\"elementor-element elementor-element-335fe7de elementor-tabs-view-horizontal elementor-widget elementor-widget-tabs\" data-id=\"335fe7de\" data-element_type=\"widget\" data-widget_type=\"tabs.default\">\n\t\t\t\t<div class=\"elementor-widget-container\">\n\t\t\t\t\t\t\t<div class=\"elementor-tabs\">\n\t\t\t<div class=\"elementor-tabs-wrapper\" role=\"tablist\" >\n\t\t\t\t\t\t\t\t\t<div id=\"elementor-tab-title-8611\" class=\"elementor-tab-title elementor-tab-desktop-title\" aria-selected=\"true\" data-tab=\"1\" role=\"tab\" tabindex=\"0\" aria-controls=\"elementor-tab-content-8611\" aria-expanded=\"false\">Dissemination and Use of Knowledge<\/div>\n\t\t\t\t\t\t\t\t\t<div id=\"elementor-tab-title-8612\" class=\"elementor-tab-title elementor-tab-desktop-title\" aria-selected=\"false\" data-tab=\"2\" role=\"tab\" tabindex=\"-1\" aria-controls=\"elementor-tab-content-8612\" aria-expanded=\"false\">Management of Technologies and Information and Communication<\/div>\n\t\t\t\t\t\t\t\t\t<div id=\"elementor-tab-title-8613\" class=\"elementor-tab-title elementor-tab-desktop-title\" aria-selected=\"false\" data-tab=\"3\" role=\"tab\" tabindex=\"-1\" aria-controls=\"elementor-tab-content-8613\" aria-expanded=\"false\">Investigation<\/div>\n\t\t\t\t\t\t\t<\/div>\n\t\t\t<div class=\"elementor-tabs-content-wrapper\" role=\"tablist\" aria-orientation=\"vertical\">\n\t\t\t\t\t\t\t\t\t<div class=\"elementor-tab-title elementor-tab-mobile-title\" aria-selected=\"true\" data-tab=\"1\" role=\"tab\" tabindex=\"0\" aria-controls=\"elementor-tab-content-8611\" aria-expanded=\"false\">Dissemination and Use of Knowledge<\/div>\n\t\t\t\t\t<div id=\"elementor-tab-content-8611\" class=\"elementor-tab-content elementor-clearfix\" data-tab=\"1\" role=\"tabpanel\" aria-labelledby=\"elementor-tab-title-8611\" tabindex=\"0\" hidden=\"false\"><p>\n<div\n    class='wp-block-pdfp-pdf-poster  alignnone'\n    id='block-2'\n    data-attributes='{&quot;uniqueId&quot;:&quot;pdfp1&quot;,&quot;file&quot;:&quot;https:\\\/\\\/siesue.conare.ac.cr\\\/en\\\/wp-content\\\/uploads\\\/sites\\\/2\\\/2021\\\/03\\\/4.2.pdf&quot;,&quot;title&quot;:&quot;&quot;,&quot;height&quot;:&quot;1122px&quot;,&quot;width&quot;:&quot;100%&quot;,&quot;print&quot;:false,&quot;fullscreenButton&quot;:true,&quot;fullscreenButtonText&quot;:&quot;View Fullscreen&quot;,&quot;newWindow&quot;:false,&quot;showName&quot;:true,&quot;downloadButton&quot;:false,&quot;downloadButtonText&quot;:&quot;Download File&quot;,&quot;protect&quot;:false,&quot;onlyPDF&quot;:false,&quot;defaultBrowser&quot;:false,&quot;thumbMenu&quot;:false,&quot;initialPage&quot;:0,&quot;sidebarOpen&quot;:false,&quot;lastVersion&quot;:false,&quot;hrScroll&quot;:false,&quot;alert&quot;:true,&quot;btnStyles&quot;:{&quot;background&quot;:&quot;#1e73be&quot;,&quot;color&quot;:&quot;#fff&quot;,&quot;fontSize&quot;:&quot;rem&quot;,&quot;padding&quot;:{&quot;top&quot;:10,&quot;right&quot;:20,&quot;bottom&quot;:10,&quot;left&quot;:10}},&quot;popupOptions&quot;:{&quot;enabled&quot;:false,&quot;text&quot;:&quot;Open PDF&quot;,&quot;btnStyle&quot;:{&quot;background&quot;:&quot;#1e73be&quot;,&quot;color&quot;:&quot;#fff&quot;,&quot;fontSize&quot;:&quot;rem&quot;,&quot;padding&quot;:{&quot;top&quot;:10,&quot;right&quot;:20,&quot;bottom&quot;:10,&quot;left&quot;:10}}},&quot;align&quot;:&quot;none&quot;,&quot;alignment&quot;:&quot;left&quot;,&quot;titleFontSize&quot;:&quot;16px&quot;,&quot;isHideRightToolbar&quot;:false,&quot;additional&quot;:{&quot;ID&quot;:&quot;&quot;,&quot;Class&quot;:&quot;&quot;,&quot;CSS&quot;:&quot;&quot;},&quot;adobeEmbedder&quot;:false,&quot;adobeOptions&quot;:{&quot;showDownloadPDF&quot;:true,&quot;showPrintPDF&quot;:true,&quot;showAnnotationTools&quot;:true,&quot;showFullScreen&quot;:false,&quot;embedMode&quot;:&quot;SIZED_CONTAINER&quot;},&quot;popupBtnStyle&quot;:{&quot;background&quot;:&quot;#2271b1&quot;,&quot;color&quot;:&quot;#fff&quot;,&quot;padding&quot;:{&quot;top&quot;:10,&quot;right&quot;:20,&quot;bottom&quot;:10,&quot;left&quot;:10}},&quot;popupBtnText&quot;:&quot;Open Document&quot;,&quot;CSS&quot;:&quot;&quot;}'\n    style=\"text-align: left\">\n    \n        <iframe style=\"border:0;\" width=\"100%\" height=\"800px\" class=\"pdfp_unsupported_frame lazyload\" data-src=\"\/\/docs.google.com\/gview?embedded=true&#038;url=https:\/\/siesue.conare.ac.cr\/en\/wp-content\/uploads\/sites\/2\/2021\/03\/4.2.pdf\" src=\"data:image\/svg+xml;base64,PHN2ZyB3aWR0aD0iMSIgaGVpZ2h0PSIxIiB4bWxucz0iaHR0cDovL3d3dy53My5vcmcvMjAwMC9zdmciPjwvc3ZnPg==\" data-load-mode=\"1\"><\/iframe>\n\n    <\/div><\/p><\/div>\n\t\t\t\t\t\t\t\t\t<div class=\"elementor-tab-title elementor-tab-mobile-title\" aria-selected=\"false\" data-tab=\"2\" role=\"tab\" tabindex=\"-1\" aria-controls=\"elementor-tab-content-8612\" aria-expanded=\"false\">Management of Technologies and Information and Communication<\/div>\n\t\t\t\t\t<div id=\"elementor-tab-content-8612\" class=\"elementor-tab-content elementor-clearfix\" data-tab=\"2\" role=\"tabpanel\" aria-labelledby=\"elementor-tab-title-8612\" tabindex=\"0\" hidden=\"hidden\"><p>\n<div\n    class='wp-block-pdfp-pdf-poster  alignnone'\n    id='block-4'\n    data-attributes='{&quot;uniqueId&quot;:&quot;pdfp3&quot;,&quot;file&quot;:&quot;https:\\\/\\\/siesue.conare.ac.cr\\\/en\\\/wp-content\\\/uploads\\\/sites\\\/2\\\/2021\\\/03\\\/4.2_TIC.pdf&quot;,&quot;title&quot;:&quot;&quot;,&quot;height&quot;:&quot;1122px&quot;,&quot;width&quot;:&quot;100%&quot;,&quot;print&quot;:false,&quot;fullscreenButton&quot;:true,&quot;fullscreenButtonText&quot;:&quot;View Fullscreen&quot;,&quot;newWindow&quot;:false,&quot;showName&quot;:true,&quot;downloadButton&quot;:false,&quot;downloadButtonText&quot;:&quot;Download File&quot;,&quot;protect&quot;:false,&quot;onlyPDF&quot;:false,&quot;defaultBrowser&quot;:false,&quot;thumbMenu&quot;:false,&quot;initialPage&quot;:0,&quot;sidebarOpen&quot;:false,&quot;lastVersion&quot;:false,&quot;hrScroll&quot;:false,&quot;alert&quot;:true,&quot;btnStyles&quot;:{&quot;background&quot;:&quot;#1e73be&quot;,&quot;color&quot;:&quot;#fff&quot;,&quot;fontSize&quot;:&quot;rem&quot;,&quot;padding&quot;:{&quot;top&quot;:10,&quot;right&quot;:20,&quot;bottom&quot;:10,&quot;left&quot;:10}},&quot;popupOptions&quot;:{&quot;enabled&quot;:false,&quot;text&quot;:&quot;Open PDF&quot;,&quot;btnStyle&quot;:{&quot;background&quot;:&quot;#1e73be&quot;,&quot;color&quot;:&quot;#fff&quot;,&quot;fontSize&quot;:&quot;rem&quot;,&quot;padding&quot;:{&quot;top&quot;:10,&quot;right&quot;:20,&quot;bottom&quot;:10,&quot;left&quot;:10}}},&quot;align&quot;:&quot;none&quot;,&quot;alignment&quot;:&quot;left&quot;,&quot;titleFontSize&quot;:&quot;16px&quot;,&quot;isHideRightToolbar&quot;:false,&quot;additional&quot;:{&quot;ID&quot;:&quot;&quot;,&quot;Class&quot;:&quot;&quot;,&quot;CSS&quot;:&quot;&quot;},&quot;adobeEmbedder&quot;:false,&quot;adobeOptions&quot;:{&quot;showDownloadPDF&quot;:true,&quot;showPrintPDF&quot;:true,&quot;showAnnotationTools&quot;:true,&quot;showFullScreen&quot;:false,&quot;embedMode&quot;:&quot;SIZED_CONTAINER&quot;},&quot;popupBtnStyle&quot;:{&quot;background&quot;:&quot;#2271b1&quot;,&quot;color&quot;:&quot;#fff&quot;,&quot;padding&quot;:{&quot;top&quot;:10,&quot;right&quot;:20,&quot;bottom&quot;:10,&quot;left&quot;:10}},&quot;popupBtnText&quot;:&quot;Open Document&quot;,&quot;CSS&quot;:&quot;&quot;}'\n    style=\"text-align: left\">\n    \n        <iframe style=\"border:0;\" width=\"100%\" height=\"800px\" class=\"pdfp_unsupported_frame lazyload\" data-src=\"\/\/docs.google.com\/gview?embedded=true&#038;url=https:\/\/siesue.conare.ac.cr\/en\/wp-content\/uploads\/sites\/2\/2021\/03\/4.2_TIC.pdf\" src=\"data:image\/svg+xml;base64,PHN2ZyB3aWR0aD0iMSIgaGVpZ2h0PSIxIiB4bWxucz0iaHR0cDovL3d3dy53My5vcmcvMjAwMC9zdmciPjwvc3ZnPg==\" data-load-mode=\"1\"><\/iframe>\n\n    <\/div><\/p><\/div>\n\t\t\t\t\t\t\t\t\t<div class=\"elementor-tab-title elementor-tab-mobile-title\" aria-selected=\"false\" data-tab=\"3\" role=\"tab\" tabindex=\"-1\" aria-controls=\"elementor-tab-content-8613\" aria-expanded=\"false\">Investigation<\/div>\n\t\t\t\t\t<div id=\"elementor-tab-content-8613\" class=\"elementor-tab-content elementor-clearfix\" data-tab=\"3\" role=\"tabpanel\" aria-labelledby=\"elementor-tab-title-8613\" tabindex=\"0\" hidden=\"hidden\"><button class=\"accordion\">1. Publicaciones en revistas indexadas<\/button>\n<div class=\"panel\">\n<div class=\"buttons buttons-acor\"><a class=\"mi-btn\" href=\"wordpress\/tableu-publicaciones-en-revistas-indexadas-2\/\" target=\"_blank\" rel=\"noopener\"><strong> VER RESULTADOS<\/strong><\/a><\/div>\n\n<table>\n<thead>\n\t<th>C\u00f3digo<\/th>\n\t<th>19<\/th>\n<\/thead>\n<tbody>\n<tr>\n<td><b>Denominaci\u00f3n<\/b><\/td>\n<td>Publicaciones en revistas indexadas.<\/td>\n<\/tr>\n<tr>\n<td><b>Descripci\u00f3n<\/b><\/td>\n<td>Refleja la cantidad de publicaciones en revistas indexadas producto de las actividades acad\u00e9micas realiazadas en una instituci\u00f3n.<\/td>\n<\/tr>\n<tr>\n<td><b>Formula de c\u00e1lculo<\/b><\/td>\n<td>Conteo.<\/td>\n<\/tr>\n<tr>\n<td><b>Unidad de medida<\/b><\/td>\n<td>N\u00famero de publicaciones.<\/td>\n<\/tr>\n<tr>\n<td><b>Interpretaci\u00f3n<\/b><\/td>\n<td>La publicaci\u00f3n en revistas indezadas mejora la difusi\u00f3n del quehacer universitario a la sociedad. Producci\u00f3n cient\u00edfica ser\u00e1 mayor cuanto m\u00e1s alto sea el indicador.<\/td>\n<\/tr>\n<tr>\n<td><b>Caracter\u00edsticas<\/b><\/td>\n<td>\n<ul>1. Periocidad: Anual.<\/ul>\n<ul>2. Fuente de informaci\u00f3n: Vicerrector\u00edas de Investigaci\u00f3n.<\/ul>\n<ul>3. Responsable: Vicerrector\u00edas de Investigaci\u00f3n y Oficinas de Planificaci\u00f3n.<\/ul>\n<\/td>\n<\/tr>\n<tr>\n<td><b>Observaciones<\/b><\/td>\n<td><\/td>\n<\/tr>\n<tr>\n<td><b>Nivel de desagregaci\u00f3n<\/b><\/td>\n<td>Por universidad y \u00e1rea del conocimiento.<\/td>\n<\/tr>\n<\/tbody>\n<\/table>\n<\/div>\n<button class=\"accordion\">2. Recursos invertidos en Innovaci\u00f3n y Desarrollo (I+D+i)<\/button>\n<div class=\"panel\">\n<div class=\"buttons buttons-acor\"><a class=\"mi-btn\" href=\"wordpress\/tableu-recursos-invertidos-en-innovacion-y-desarrollo-idi\/\" target=\"_blank\" rel=\"noopener\"><strong> VER RESULTADOS<\/strong><\/a><\/div>\n\n<table>\n<thead>\n\t<th>C\u00f3digo<\/th>\n\t<th>20<\/th>\n<\/thead>\n<tbody>\n<tr>\n<td><b>Denominaci\u00f3n<\/b><\/td>\n<td>Recursos invertidos en Innovaci\u00f3n y Desarrollo (I+D+i)<\/td>\n<\/tr>\n<tr>\n<td><b>Descripci\u00f3n<\/b><\/td>\n<td>Este indicador permite conocer el monto total de recursos, en colones corrientes, que se invierte en la instituci\u00f3n en innovaci\u00f3n y desarrollo.<\/td>\n<\/tr>\n<tr>\n<td><b>Formula de c\u00e1lculo<\/b><\/td>\n<td>Sumatoria de las liquidaciones totales en equipo e infraestructura, gastos de operaci\u00f3n y recurso humano destinados al financiamiento de proyectos de I+D+i. Debe incluirse la totalidad de presupuestos de programas, instituciones y centros de investigaci\u00f3n, adem\u00e1s del gasto de Fondos del Sistema y recursos del pr\u00e9stamo del BM en el \u00e1rea de Investigaci\u00f3n.<\/td>\n<\/tr>\n<tr>\n<td><b>Unidad de medida<\/b><\/td>\n<td>Monto investido en I+D+i en cada proyecto.<\/td>\n<\/tr>\n<tr>\n<td><b>Interpretaci\u00f3n<\/b><\/td>\n<td>Entre mayor sea el monto invertido, mayor es el aporte de las IESUES a la innovaci\u00f3n y desarrollo cient\u00edfico.<\/td>\n<\/tr>\n<tr>\n<td><b>Caracter\u00edsticas<\/b><\/td>\n<td>\n<ul>1. Periocidad: Anual.<\/ul>\n<ul>2. Fuente de informaci\u00f3n: Vicerrector\u00edas de Investigaci\u00f3n, Departamentos de Administraci\u00f3n Financiera.<\/ul>\n<ul>3. Responsable: Oficinas de Planificaci\u00f3n, Vicerrector\u00edas de Investigaci\u00f3n.<\/ul>\n<\/td>\n<\/tr>\n<tr>\n<td><b>Observaciones<\/b><\/td>\n<td><\/td>\n<\/tr>\n<tr>\n<td><b>Nivel de desagregaci\u00f3n<\/b><\/td>\n<td>Por universidad y \u00e1rea del conocimiento.<\/td>\n<\/tr>\n<\/tbody>\n<\/table>\n<\/div><\/div>\n\t\t\t\t\t\t\t<\/div>\n\t\t<\/div>\n\t\t\t\t\t\t<\/div>\n\t\t\t\t<\/div>\n\t\t\t\t\t<\/div>\n\t\t<\/div>\n\t\t\t\t\t<\/div>\n\t\t<\/section>\n\t\t\t\t<\/div>\n\t\t","protected":false},"excerpt":{"rendered":"<p>Back Science and Technology Axes of action Belonging and Impact Access and Equity Learning Science and Technology Management Dissemination and Use of Knowledge Management of Technologies and Information and Communication Investigation Dissemination and Use of Knowledge View Fullscreen Management of Technologies and Information and Communication View Fullscreen Investigation 1. Publicaciones en revistas indexadas VER RESULTADOS [&hellip;]<\/p>\n","protected":false},"author":1,"featured_media":0,"parent":0,"menu_order":0,"comment_status":"closed","ping_status":"closed","template":"","meta":{"footnotes":""},"class_list":["post-1394","page","type-page","status-publish","hentry"],"_links":{"self":[{"href":"https:\/\/siesue.conare.ac.cr\/en\/wp-json\/wp\/v2\/pages\/1394","targetHints":{"allow":["GET"]}}],"collection":[{"href":"https:\/\/siesue.conare.ac.cr\/en\/wp-json\/wp\/v2\/pages"}],"about":[{"href":"https:\/\/siesue.conare.ac.cr\/en\/wp-json\/wp\/v2\/types\/page"}],"author":[{"embeddable":true,"href":"https:\/\/siesue.conare.ac.cr\/en\/wp-json\/wp\/v2\/users\/1"}],"replies":[{"embeddable":true,"href":"https:\/\/siesue.conare.ac.cr\/en\/wp-json\/wp\/v2\/comments?post=1394"}],"version-history":[{"count":140,"href":"https:\/\/siesue.conare.ac.cr\/en\/wp-json\/wp\/v2\/pages\/1394\/revisions"}],"predecessor-version":[{"id":6028,"href":"https:\/\/siesue.conare.ac.cr\/en\/wp-json\/wp\/v2\/pages\/1394\/revisions\/6028"}],"wp:attachment":[{"href":"https:\/\/siesue.conare.ac.cr\/en\/wp-json\/wp\/v2\/media?parent=1394"}],"curies":[{"name":"wp","href":"https:\/\/api.w.org\/{rel}","templated":true}]}}