{"id":1820,"date":"2021-04-08T06:10:26","date_gmt":"2021-04-08T06:10:26","guid":{"rendered":"http:\/\/siesue.conare.ac.cr\/en\/?page_id=1820"},"modified":"2023-03-03T13:05:31","modified_gmt":"2023-03-03T13:05:31","slug":"extension-y-accion-social","status":"publish","type":"page","link":"https:\/\/siesue.conare.ac.cr\/en\/extension-y-accion-social\/","title":{"rendered":"Extensi\u00f3n y Acci\u00f3n Social"},"content":{"rendered":"\t\t<div data-elementor-type=\"wp-page\" data-elementor-id=\"1820\" class=\"elementor elementor-1820\">\n\t\t\t\t\t\t<section class=\"elementor-section elementor-top-section elementor-element elementor-element-6d2a362 elementor-section-boxed elementor-section-height-default elementor-section-height-default\" data-id=\"6d2a362\" data-element_type=\"section\">\n\t\t\t\t\t\t<div class=\"elementor-container elementor-column-gap-default\">\n\t\t\t\t\t<div class=\"elementor-column elementor-col-100 elementor-top-column elementor-element elementor-element-e91dc8c\" data-id=\"e91dc8c\" data-element_type=\"column\">\n\t\t\t<div class=\"elementor-widget-wrap elementor-element-populated\">\n\t\t\t\t\t\t<div class=\"elementor-element elementor-element-64b375e elementor-widget elementor-widget-spacer\" data-id=\"64b375e\" data-element_type=\"widget\" data-widget_type=\"spacer.default\">\n\t\t\t\t<div class=\"elementor-widget-container\">\n\t\t\t\t\t\t\t<div class=\"elementor-spacer\">\n\t\t\t<div class=\"elementor-spacer-inner\"><\/div>\n\t\t<\/div>\n\t\t\t\t\t\t<\/div>\n\t\t\t\t<\/div>\n\t\t\t\t\t<\/div>\n\t\t<\/div>\n\t\t\t\t\t<\/div>\n\t\t<\/section>\n\t\t\t\t<section class=\"elementor-section elementor-top-section elementor-element elementor-element-77d457e4 elementor-section-boxed elementor-section-height-default elementor-section-height-default\" data-id=\"77d457e4\" data-element_type=\"section\">\n\t\t\t\t\t\t<div class=\"elementor-container elementor-column-gap-default\">\n\t\t\t\t\t<div class=\"elementor-column elementor-col-33 elementor-top-column elementor-element elementor-element-2ed6cd91\" data-id=\"2ed6cd91\" data-element_type=\"column\">\n\t\t\t<div class=\"elementor-widget-wrap elementor-element-populated\">\n\t\t\t\t\t\t<div class=\"elementor-element elementor-element-1ac96255 elementor-widget elementor-widget-button\" data-id=\"1ac96255\" data-element_type=\"widget\" data-widget_type=\"button.default\">\n\t\t\t\t<div class=\"elementor-widget-container\">\n\t\t\t\t\t\t\t\t\t<div class=\"elementor-button-wrapper\">\n\t\t\t\t\t<a class=\"elementor-button elementor-button-link elementor-size-sm\" href=\"\/en\/plan-nacional-de-educacion-superior-2016-2020\/\">\n\t\t\t\t\t\t<span class=\"elementor-button-content-wrapper\">\n\t\t\t\t\t\t<span class=\"elementor-button-icon\">\n\t\t\t\t<svg aria-hidden=\"true\" class=\"e-font-icon-svg e-fas-arrow-left\" viewBox=\"0 0 448 512\" xmlns=\"http:\/\/www.w3.org\/2000\/svg\"><path d=\"M257.5 445.1l-22.2 22.2c-9.4 9.4-24.6 9.4-33.9 0L7 273c-9.4-9.4-9.4-24.6 0-33.9L201.4 44.7c9.4-9.4 24.6-9.4 33.9 0l22.2 22.2c9.5 9.5 9.3 25-.4 34.3L136.6 216H424c13.3 0 24 10.7 24 24v32c0 13.3-10.7 24-24 24H136.6l120.5 114.8c9.8 9.3 10 24.8.4 34.3z\"><\/path><\/svg>\t\t\t<\/span>\n\t\t\t\t\t\t\t\t\t<span class=\"elementor-button-text\">Back<\/span>\n\t\t\t\t\t<\/span>\n\t\t\t\t\t<\/a>\n\t\t\t\t<\/div>\n\t\t\t\t\t\t\t\t<\/div>\n\t\t\t\t<\/div>\n\t\t\t\t\t<\/div>\n\t\t<\/div>\n\t\t\t\t<div class=\"elementor-column elementor-col-33 elementor-top-column elementor-element elementor-element-630bb82c\" data-id=\"630bb82c\" data-element_type=\"column\">\n\t\t\t<div class=\"elementor-widget-wrap elementor-element-populated\">\n\t\t\t\t\t\t<div class=\"elementor-element elementor-element-45325b12 elementor-widget elementor-widget-image\" data-id=\"45325b12\" data-element_type=\"widget\" data-widget_type=\"image.default\">\n\t\t\t\t<div class=\"elementor-widget-container\">\n\t\t\t\t\t\t\t\t\t\t\t\t\t\t\t<img fetchpriority=\"high\" decoding=\"async\" width=\"300\" height=\"232\" src=\"https:\/\/siesue.conare.ac.cr\/en\/wp-content\/uploads\/sites\/2\/2021\/04\/Planes_2016-2020-300x232.png\" class=\"attachment-medium size-medium wp-image-3206\" alt=\"\" srcset=\"https:\/\/siesue.conare.ac.cr\/en\/wp-content\/uploads\/sites\/2\/2021\/04\/Planes_2016-2020-300x232.png 300w, https:\/\/siesue.conare.ac.cr\/en\/wp-content\/uploads\/sites\/2\/2021\/04\/Planes_2016-2020-768x593.png 768w, https:\/\/siesue.conare.ac.cr\/en\/wp-content\/uploads\/sites\/2\/2021\/04\/Planes_2016-2020-24x19.png 24w, https:\/\/siesue.conare.ac.cr\/en\/wp-content\/uploads\/sites\/2\/2021\/04\/Planes_2016-2020-36x28.png 36w, https:\/\/siesue.conare.ac.cr\/en\/wp-content\/uploads\/sites\/2\/2021\/04\/Planes_2016-2020-48x37.png 48w, https:\/\/siesue.conare.ac.cr\/en\/wp-content\/uploads\/sites\/2\/2021\/04\/Planes_2016-2020.png 792w\" sizes=\"(max-width: 300px) 100vw, 300px\" \/>\t\t\t\t\t\t\t\t\t\t\t\t\t\t\t<\/div>\n\t\t\t\t<\/div>\n\t\t\t\t\t<\/div>\n\t\t<\/div>\n\t\t\t\t<div class=\"elementor-column elementor-col-33 elementor-top-column elementor-element elementor-element-23e800df\" data-id=\"23e800df\" data-element_type=\"column\">\n\t\t\t<div class=\"elementor-widget-wrap\">\n\t\t\t\t\t\t\t<\/div>\n\t\t<\/div>\n\t\t\t\t\t<\/div>\n\t\t<\/section>\n\t\t\t\t<section class=\"elementor-section elementor-top-section elementor-element elementor-element-2170c537 elementor-section-boxed elementor-section-height-default elementor-section-height-default\" data-id=\"2170c537\" data-element_type=\"section\">\n\t\t\t\t\t\t<div class=\"elementor-container elementor-column-gap-default\">\n\t\t\t\t\t<div class=\"elementor-column elementor-col-100 elementor-top-column elementor-element elementor-element-2d4540b8\" data-id=\"2d4540b8\" data-element_type=\"column\">\n\t\t\t<div class=\"elementor-widget-wrap elementor-element-populated\">\n\t\t\t\t\t\t<div class=\"elementor-element elementor-element-5556c153 elementor-widget elementor-widget-heading\" data-id=\"5556c153\" data-element_type=\"widget\" data-widget_type=\"heading.default\">\n\t\t\t\t<div class=\"elementor-widget-container\">\n\t\t\t\t\t<h2 class=\"elementor-heading-title elementor-size-default\">Extension and Social Action<\/h2>\t\t\t\t<\/div>\n\t\t\t\t<\/div>\n\t\t\t\t<div class=\"elementor-element elementor-element-f6664ac elementor-widget elementor-widget-heading\" data-id=\"f6664ac\" data-element_type=\"widget\" data-widget_type=\"heading.default\">\n\t\t\t\t<div class=\"elementor-widget-container\">\n\t\t\t\t\t<h4 class=\"elementor-heading-title elementor-size-default\">Axes of action<\/h4>\t\t\t\t<\/div>\n\t\t\t\t<\/div>\n\t\t\t\t<section class=\"elementor-section elementor-inner-section elementor-element elementor-element-6b8ef697 elementor-section-boxed elementor-section-height-default elementor-section-height-default\" data-id=\"6b8ef697\" data-element_type=\"section\">\n\t\t\t\t\t\t<div class=\"elementor-container elementor-column-gap-default\">\n\t\t\t\t\t<div class=\"elementor-column elementor-col-20 elementor-inner-column elementor-element elementor-element-57c01e22\" data-id=\"57c01e22\" data-element_type=\"column\">\n\t\t\t<div class=\"elementor-widget-wrap elementor-element-populated\">\n\t\t\t\t\t\t<div class=\"elementor-element elementor-element-5f3f8eb8 elementor-align-justify boton-indicadores elementor-widget elementor-widget-button\" data-id=\"5f3f8eb8\" data-element_type=\"widget\" data-widget_type=\"button.default\">\n\t\t\t\t<div class=\"elementor-widget-container\">\n\t\t\t\t\t\t\t\t\t<div class=\"elementor-button-wrapper\">\n\t\t\t\t\t<a class=\"elementor-button elementor-button-link elementor-size-sm\" href=\"\/en\/docencia\/\">\n\t\t\t\t\t\t<span class=\"elementor-button-content-wrapper\">\n\t\t\t\t\t\t\t\t\t<span class=\"elementor-button-text\">Teaching<\/span>\n\t\t\t\t\t<\/span>\n\t\t\t\t\t<\/a>\n\t\t\t\t<\/div>\n\t\t\t\t\t\t\t\t<\/div>\n\t\t\t\t<\/div>\n\t\t\t\t\t<\/div>\n\t\t<\/div>\n\t\t\t\t<div class=\"elementor-column elementor-col-20 elementor-inner-column elementor-element elementor-element-3dd44ad0\" data-id=\"3dd44ad0\" data-element_type=\"column\">\n\t\t\t<div class=\"elementor-widget-wrap elementor-element-populated\">\n\t\t\t\t\t\t<div class=\"elementor-element elementor-element-6db23b9 elementor-align-justify boton-indicadores elementor-widget elementor-widget-button\" data-id=\"6db23b9\" data-element_type=\"widget\" data-widget_type=\"button.default\">\n\t\t\t\t<div class=\"elementor-widget-container\">\n\t\t\t\t\t\t\t\t\t<div class=\"elementor-button-wrapper\">\n\t\t\t\t\t<a class=\"elementor-button elementor-button-link elementor-size-sm\" href=\"\/en\/investigacion\/\">\n\t\t\t\t\t\t<span class=\"elementor-button-content-wrapper\">\n\t\t\t\t\t\t\t\t\t<span class=\"elementor-button-text\">Research<\/span>\n\t\t\t\t\t<\/span>\n\t\t\t\t\t<\/a>\n\t\t\t\t<\/div>\n\t\t\t\t\t\t\t\t<\/div>\n\t\t\t\t<\/div>\n\t\t\t\t\t<\/div>\n\t\t<\/div>\n\t\t\t\t<div class=\"elementor-column elementor-col-20 elementor-inner-column elementor-element elementor-element-76cbc03c\" data-id=\"76cbc03c\" data-element_type=\"column\">\n\t\t\t<div class=\"elementor-widget-wrap elementor-element-populated\">\n\t\t\t\t\t\t<div class=\"elementor-element elementor-element-29bd7937 elementor-align-justify boton-indicadores elementor-widget elementor-widget-button\" data-id=\"29bd7937\" data-element_type=\"widget\" data-widget_type=\"button.default\">\n\t\t\t\t<div class=\"elementor-widget-container\">\n\t\t\t\t\t\t\t\t\t<div class=\"elementor-button-wrapper\">\n\t\t\t\t\t<a class=\"elementor-button elementor-button-link elementor-size-sm\" href=\"\/en\/vida-estudiantil\/\">\n\t\t\t\t\t\t<span class=\"elementor-button-content-wrapper\">\n\t\t\t\t\t\t\t\t\t<span class=\"elementor-button-text\">Student Life<\/span>\n\t\t\t\t\t<\/span>\n\t\t\t\t\t<\/a>\n\t\t\t\t<\/div>\n\t\t\t\t\t\t\t\t<\/div>\n\t\t\t\t<\/div>\n\t\t\t\t\t<\/div>\n\t\t<\/div>\n\t\t\t\t<div class=\"elementor-column elementor-col-20 elementor-inner-column elementor-element elementor-element-18ed1089\" data-id=\"18ed1089\" data-element_type=\"column\">\n\t\t\t<div class=\"elementor-widget-wrap elementor-element-populated\">\n\t\t\t\t\t\t<div class=\"elementor-element elementor-element-6119dadf elementor-align-justify boton-indicadores elementor-widget elementor-widget-button\" data-id=\"6119dadf\" data-element_type=\"widget\" data-widget_type=\"button.default\">\n\t\t\t\t<div class=\"elementor-widget-container\">\n\t\t\t\t\t\t\t\t\t<div class=\"elementor-button-wrapper\">\n\t\t\t\t\t<a class=\"elementor-button elementor-button-link elementor-size-sm\" href=\"\/en\/extension-y-accion-social\/\">\n\t\t\t\t\t\t<span class=\"elementor-button-content-wrapper\">\n\t\t\t\t\t\t<span class=\"elementor-button-icon\">\n\t\t\t\t<svg aria-hidden=\"true\" class=\"e-font-icon-svg e-far-eye\" viewBox=\"0 0 576 512\" xmlns=\"http:\/\/www.w3.org\/2000\/svg\"><path d=\"M288 144a110.94 110.94 0 0 0-31.24 5 55.4 55.4 0 0 1 7.24 27 56 56 0 0 1-56 56 55.4 55.4 0 0 1-27-7.24A111.71 111.71 0 1 0 288 144zm284.52 97.4C518.29 135.59 410.93 64 288 64S57.68 135.64 3.48 241.41a32.35 32.35 0 0 0 0 29.19C57.71 376.41 165.07 448 288 448s230.32-71.64 284.52-177.41a32.35 32.35 0 0 0 0-29.19zM288 400c-98.65 0-189.09-55-237.93-144C98.91 167 189.34 112 288 112s189.09 55 237.93 144C477.1 345 386.66 400 288 400z\"><\/path><\/svg>\t\t\t<\/span>\n\t\t\t\t\t\t\t\t\t<span class=\"elementor-button-text\">Extension and Social Action<\/span>\n\t\t\t\t\t<\/span>\n\t\t\t\t\t<\/a>\n\t\t\t\t<\/div>\n\t\t\t\t\t\t\t\t<\/div>\n\t\t\t\t<\/div>\n\t\t\t\t\t<\/div>\n\t\t<\/div>\n\t\t\t\t<div class=\"elementor-column elementor-col-20 elementor-inner-column elementor-element elementor-element-33a28234\" data-id=\"33a28234\" data-element_type=\"column\">\n\t\t\t<div class=\"elementor-widget-wrap elementor-element-populated\">\n\t\t\t\t\t\t<div class=\"elementor-element elementor-element-6c81c6d9 elementor-align-justify boton-indicadores elementor-widget elementor-widget-button\" data-id=\"6c81c6d9\" data-element_type=\"widget\" data-widget_type=\"button.default\">\n\t\t\t\t<div class=\"elementor-widget-container\">\n\t\t\t\t\t\t\t\t\t<div class=\"elementor-button-wrapper\">\n\t\t\t\t\t<a class=\"elementor-button elementor-button-link elementor-size-sm\" href=\"\/en\/gestion-2\/\">\n\t\t\t\t\t\t<span class=\"elementor-button-content-wrapper\">\n\t\t\t\t\t\t\t\t\t<span class=\"elementor-button-text\">Management<\/span>\n\t\t\t\t\t<\/span>\n\t\t\t\t\t<\/a>\n\t\t\t\t<\/div>\n\t\t\t\t\t\t\t\t<\/div>\n\t\t\t\t<\/div>\n\t\t\t\t\t<\/div>\n\t\t<\/div>\n\t\t\t\t\t<\/div>\n\t\t<\/section>\n\t\t\t\t<div class=\"elementor-element elementor-element-5a291428 elementor-tabs-view-horizontal elementor-widget elementor-widget-tabs\" data-id=\"5a291428\" data-element_type=\"widget\" data-widget_type=\"tabs.default\">\n\t\t\t\t<div class=\"elementor-widget-container\">\n\t\t\t\t\t\t\t<div class=\"elementor-tabs\">\n\t\t\t<div class=\"elementor-tabs-wrapper\" role=\"tablist\" >\n\t\t\t\t\t\t\t\t\t<div id=\"elementor-tab-title-1511\" class=\"elementor-tab-title elementor-tab-desktop-title\" aria-selected=\"true\" data-tab=\"1\" role=\"tab\" tabindex=\"0\" aria-controls=\"elementor-tab-content-1511\" aria-expanded=\"false\">Noun Indicators<\/div>\n\t\t\t\t\t\t\t<\/div>\n\t\t\t<div class=\"elementor-tabs-content-wrapper\" role=\"tablist\" aria-orientation=\"vertical\">\n\t\t\t\t\t\t\t\t\t<div class=\"elementor-tab-title elementor-tab-mobile-title\" aria-selected=\"true\" data-tab=\"1\" role=\"tab\" tabindex=\"0\" aria-controls=\"elementor-tab-content-1511\" aria-expanded=\"false\">Noun Indicators<\/div>\n\t\t\t\t\t<div id=\"elementor-tab-content-1511\" class=\"elementor-tab-content elementor-clearfix\" data-tab=\"1\" role=\"tabpanel\" aria-labelledby=\"elementor-tab-title-1511\" tabindex=\"0\" hidden=\"false\"><h3 style=\"text-align: center;\"><strong>Proyectos vigentes de extensi\u00f3n y acci\u00f3n social<\/strong><\/h3>\n<div class=\"buttons\"><a class=\"mi-btn\" target=\"_blank\" rel=\"noopener\" href=\"wordpress\/proyectos-vigentes-de-extension-y-accion-social\/\"><strong> VER RESULTADOS<\/strong><\/a><\/div>\n<table class=\"zebra\">\n<thead>\n<tr>\n<th><strong>C\u00f3digo<\/strong><\/th>\n<th><strong>3.1.1.1<\/strong><\/th>\n<\/tr>\n<\/thead>\n<tbody>\n<tr>\n<td><strong>Denominaci\u00f3n<\/strong><\/td>\n<td>Proyectos vigentes de extensi\u00f3n y acci\u00f3n social.<\/td>\n<\/tr>\n<tr class=\"odd\">\n<td><strong>Descripci\u00f3n<\/strong><\/td>\n<td>Muestra la cantidad de proyectos vigentes de extensi\u00f3n y acci\u00f3n social que desarrollan las instituciones del Sesue en el a\u00f1o de inter\u00e9s.<\/td>\n<\/tr>\n<tr>\n<td><strong>Forma de c\u00e1lculo<\/strong><\/td>\n<td><\/td>\n<\/tr>\n<tr class=\"odd\">\n<td><strong>Unidad de medida<\/strong><\/td>\n<td>Proyectos vigentes de extensi\u00f3n y acci\u00f3n social.<\/td>\n<\/tr>\n<tr>\n<td><strong>Interpretaci\u00f3n<\/strong><\/td>\n<td>La cantidad de proyectos vigentes de extensi\u00f3n y acci\u00f3n social es reflejo de las pol\u00edticas adoptadas por las instituciones del Sesue para acrecentar la vinculaci\u00f3n con el entorno y favorecer la democratizaci\u00f3n del conocimiento.<\/td>\n<\/tr>\n<tr class=\"odd\">\n<td><strong>Caracter\u00edsticas<\/strong><\/td>\n<td>\n<ul>\n \t<li>Periodicidad:\u00a0Anual.<\/li>\n \t<li>Fuente de informaci\u00f3n: Vicerrector\u00edas de Extensi\u00f3n y Acci\u00f3n Social o el ente t\u00e9cnico oficial de cada Universidad.<\/li>\n \t<li>Responsable:\u00a0Oficinas de Planificaci\u00f3n. Subcomisi\u00f3n de Indicadores.<\/li>\n<\/ul>\n<\/td>\n<\/tr>\n<tr class=\"odd\">\n<td><strong>Nivel de desagregaci\u00f3n<\/strong><\/td>\n<td>Por programa, actividad sustantiva o Comisi\u00f3n responsable.<\/td>\n<\/tr>\n<tr>\n<td><strong>Observaciones<\/strong><\/td>\n<td>\n<ul>\n \t<li>En la actualidad, no es posible para el ITCR desagregar los proyectos en investigaci\u00f3n, extensi\u00f3n y acci\u00f3n social. En este caso, para este indicador se considera la totalidad de proyectos vigentes.<\/li>\n \t<li>En la UNA, para este indicador se consideran los proyectos puros de extensi\u00f3n, as\u00ed como los integrados con componente de extensi\u00f3n.<\/li>\n \t<li>La UCR y UTN contabilizan adem\u00e1s dentro de los proyectos de extensi\u00f3n y acci\u00f3n social, los trabajos comunitarios universitarios vigentes (TCU).<\/li>\n \t<li>La UNED contabiliza adem\u00e1s dentro de los proyectos de extensi\u00f3n y acci\u00f3n social,los proyectos profesionales y las pr\u00e1cticas dirigidas.<\/li>\n \t<li>El TCU es una modalidad de aprendizaje-servicio la cual plantea un proceso acad\u00e9mico, disciplinario e interdisciplinario, coordinado entre estudiantes y docentes universitarios para fortalecer la vinculaci\u00f3n din\u00e1mica y cr\u00edtica con grupos sociales y diferentes sectores y as\u00ed coadyuvar con la atenci\u00f3n de necesidades presentes y futuras y transformaciones que la sociedad necesita, potenciando la soluci\u00f3n de sus problemas.<\/li>\n \t<li>El proyecto profesional es una actividad acad\u00e9mica realizada en forma individual o en grupo, una vez que cada estudiante haya aprobado todas las asignaturas del plan de estudios. Aborda una problem\u00e1tica y la generaci\u00f3n de una soluci\u00f3n pr\u00e1ctica para una situaci\u00f3n puntual que se observa en una instituci\u00f3n p\u00fablica, privada o en una comunidad, donde se apliquen las teor\u00edas y las t\u00e9cnicas de la disciplina.<\/li>\n \t<li>Las pr\u00e1cticas dirigidas son actividades acad\u00e9micas realizadas de manera individual y af\u00edn a la formaci\u00f3n de cada estudiante, una vez que haya aprobado todas las asignaturas de la carrera. Esta pr\u00e1ctica se realiza mediante la participaci\u00f3n activa de cada estudiante en la din\u00e1mica de una empresa o instituci\u00f3n, donde aplicar\u00e1 a la realidad la teor\u00eda estudiada en las diversas disciplinas y se le evaluar\u00e1 la integraci\u00f3n de todos los aprendizajes como futuro profesional.<\/li>\n<\/ul>\n<\/td>\n<\/tr>\n<tr>\n<td><strong>Proyecci\u00f3n Quinquenal<\/strong><\/td>\n<td>\n<ul>\n \t<li>868 en el 2016<\/li>\n \t<li>879 en el 2017<\/li>\n \t<li>889 en el 2018<\/li>\n \t<li>901 en el 2019<\/li>\n \t<li>923 en el 2020<\/li>\n<\/ul>\n<\/td>\n<\/tr>\n<\/tbody>\n<\/table><\/div>\n\t\t\t\t\t\t\t<\/div>\n\t\t<\/div>\n\t\t\t\t\t\t<\/div>\n\t\t\t\t<\/div>\n\t\t\t\t\t<\/div>\n\t\t<\/div>\n\t\t\t\t\t<\/div>\n\t\t<\/section>\n\t\t\t\t<\/div>\n\t\t","protected":false},"excerpt":{"rendered":"<p>Back Extension and Social Action Axes of action Teaching Research Student Life Extension and Social Action Management Noun Indicators Noun Indicators Proyectos vigentes de extensi\u00c3\u00b3n y acci\u00c3\u00b3n social VER RESULTADOS C\u00c3\u00b3digo 3.1.1.1 Denominaci\u00c3\u00b3n Proyectos vigentes de extensi\u00c3\u00b3n y acci\u00c3\u00b3n social. Descripci\u00c3\u00b3n Muestra la cantidad de proyectos vigentes de extensi\u00c3\u00b3n y acci\u00c3\u00b3n social que desarrollan las [&hellip;]<\/p>\n","protected":false},"author":1,"featured_media":0,"parent":0,"menu_order":0,"comment_status":"closed","ping_status":"closed","template":"","meta":{"footnotes":""},"class_list":["post-1820","page","type-page","status-publish","hentry"],"_links":{"self":[{"href":"https:\/\/siesue.conare.ac.cr\/en\/wp-json\/wp\/v2\/pages\/1820","targetHints":{"allow":["GET"]}}],"collection":[{"href":"https:\/\/siesue.conare.ac.cr\/en\/wp-json\/wp\/v2\/pages"}],"about":[{"href":"https:\/\/siesue.conare.ac.cr\/en\/wp-json\/wp\/v2\/types\/page"}],"author":[{"embeddable":true,"href":"https:\/\/siesue.conare.ac.cr\/en\/wp-json\/wp\/v2\/users\/1"}],"replies":[{"embeddable":true,"href":"https:\/\/siesue.conare.ac.cr\/en\/wp-json\/wp\/v2\/comments?post=1820"}],"version-history":[{"count":50,"href":"https:\/\/siesue.conare.ac.cr\/en\/wp-json\/wp\/v2\/pages\/1820\/revisions"}],"predecessor-version":[{"id":6117,"href":"https:\/\/siesue.conare.ac.cr\/en\/wp-json\/wp\/v2\/pages\/1820\/revisions\/6117"}],"wp:attachment":[{"href":"https:\/\/siesue.conare.ac.cr\/en\/wp-json\/wp\/v2\/media?parent=1820"}],"curies":[{"name":"wp","href":"https:\/\/api.w.org\/{rel}","templated":true}]}}