{"id":2263,"date":"2021-04-15T14:38:41","date_gmt":"2021-04-15T14:38:41","guid":{"rendered":"http:\/\/siesue.conare.ac.cr\/en\/?page_id=2263"},"modified":"2024-04-29T21:33:46","modified_gmt":"2024-04-29T21:33:46","slug":"tec-info","status":"publish","type":"page","link":"https:\/\/siesue.conare.ac.cr\/en\/tec-info\/","title":{"rendered":"TEC Info"},"content":{"rendered":"\t\t<div data-elementor-type=\"wp-page\" data-elementor-id=\"2263\" class=\"elementor elementor-2263\">\n\t\t\t\t\t\t<section class=\"elementor-section elementor-top-section elementor-element elementor-element-c7ee4f7 elementor-section-boxed elementor-section-height-default elementor-section-height-default\" data-id=\"c7ee4f7\" data-element_type=\"section\">\n\t\t\t\t\t\t<div class=\"elementor-container elementor-column-gap-default\">\n\t\t\t\t\t<div class=\"elementor-column elementor-col-100 elementor-top-column elementor-element elementor-element-b9ba2ba\" data-id=\"b9ba2ba\" data-element_type=\"column\">\n\t\t\t<div class=\"elementor-widget-wrap elementor-element-populated\">\n\t\t\t\t\t\t<div class=\"elementor-element elementor-element-5c0ece4 elementor-widget elementor-widget-spacer\" data-id=\"5c0ece4\" data-element_type=\"widget\" data-widget_type=\"spacer.default\">\n\t\t\t\t<div class=\"elementor-widget-container\">\n\t\t\t\t\t\t\t<div class=\"elementor-spacer\">\n\t\t\t<div class=\"elementor-spacer-inner\"><\/div>\n\t\t<\/div>\n\t\t\t\t\t\t<\/div>\n\t\t\t\t<\/div>\n\t\t\t\t\t<\/div>\n\t\t<\/div>\n\t\t\t\t\t<\/div>\n\t\t<\/section>\n\t\t\t\t<section class=\"elementor-section elementor-top-section elementor-element elementor-element-e366c48 elementor-section-boxed elementor-section-height-default elementor-section-height-default\" data-id=\"e366c48\" data-element_type=\"section\">\n\t\t\t\t\t\t<div class=\"elementor-container elementor-column-gap-default\">\n\t\t\t\t\t<div class=\"elementor-column elementor-col-50 elementor-top-column elementor-element elementor-element-fa3cf84\" data-id=\"fa3cf84\" data-element_type=\"column\">\n\t\t\t<div class=\"elementor-widget-wrap elementor-element-populated\">\n\t\t\t\t\t\t<div class=\"elementor-element elementor-element-b24e03c elementor-widget elementor-widget-image\" data-id=\"b24e03c\" data-element_type=\"widget\" data-widget_type=\"image.default\">\n\t\t\t\t<div class=\"elementor-widget-container\">\n\t\t\t\t\t\t\t\t\t\t\t\t\t\t\t<img fetchpriority=\"high\" decoding=\"async\" width=\"612\" height=\"792\" src=\"https:\/\/siesue.conare.ac.cr\/en\/wp-content\/uploads\/sites\/2\/2021\/03\/TEC.png\" class=\"attachment-full size-full wp-image-781\" alt=\"\" srcset=\"https:\/\/siesue.conare.ac.cr\/en\/wp-content\/uploads\/sites\/2\/2021\/03\/TEC.png 612w, https:\/\/siesue.conare.ac.cr\/en\/wp-content\/uploads\/sites\/2\/2021\/03\/TEC-232x300.png 232w\" sizes=\"(max-width: 612px) 100vw, 612px\" \/>\t\t\t\t\t\t\t\t\t\t\t\t\t\t\t<\/div>\n\t\t\t\t<\/div>\n\t\t\t\t\t<\/div>\n\t\t<\/div>\n\t\t\t\t<div class=\"elementor-column elementor-col-50 elementor-top-column elementor-element elementor-element-314cbe5\" data-id=\"314cbe5\" data-element_type=\"column\">\n\t\t\t<div class=\"elementor-widget-wrap elementor-element-populated\">\n\t\t\t\t\t\t<div class=\"elementor-element elementor-element-8ba2cfb elementor-widget elementor-widget-heading\" data-id=\"8ba2cfb\" data-element_type=\"widget\" data-widget_type=\"heading.default\">\n\t\t\t\t<div class=\"elementor-widget-container\">\n\t\t\t\t\t<h2 class=\"elementor-heading-title elementor-size-default\">Tecnol\u00f3gico de Costa Rica<\/h2>\t\t\t\t<\/div>\n\t\t\t\t<\/div>\n\t\t\t\t\t<\/div>\n\t\t<\/div>\n\t\t\t\t\t<\/div>\n\t\t<\/section>\n\t\t\t\t<section class=\"elementor-section elementor-top-section elementor-element elementor-element-3aed92b4 elementor-section-boxed elementor-section-height-default elementor-section-height-default\" data-id=\"3aed92b4\" data-element_type=\"section\">\n\t\t\t\t\t\t<div class=\"elementor-container elementor-column-gap-default\">\n\t\t\t\t\t<div class=\"elementor-column elementor-col-25 elementor-top-column elementor-element elementor-element-328af5d9\" data-id=\"328af5d9\" data-element_type=\"column\">\n\t\t\t<div class=\"elementor-widget-wrap elementor-element-populated\">\n\t\t\t\t\t\t<div class=\"elementor-element elementor-element-2d3c9bf3 elementor-align-center elementor-widget elementor-widget-button\" data-id=\"2d3c9bf3\" data-element_type=\"widget\" data-widget_type=\"button.default\">\n\t\t\t\t<div class=\"elementor-widget-container\">\n\t\t\t\t\t\t\t\t\t<div class=\"elementor-button-wrapper\">\n\t\t\t\t\t<a class=\"elementor-button elementor-button-link elementor-size-sm\" href=\"https:\/\/www.tec.ac.cr\/node\/4294\" target=\"_blank\" rel=\"noopener\">\n\t\t\t\t\t\t<span class=\"elementor-button-content-wrapper\">\n\t\t\t\t\t\t\t\t\t<span class=\"elementor-button-text\">History and Structure<\/span>\n\t\t\t\t\t<\/span>\n\t\t\t\t\t<\/a>\n\t\t\t\t<\/div>\n\t\t\t\t\t\t\t\t<\/div>\n\t\t\t\t<\/div>\n\t\t\t\t\t<\/div>\n\t\t<\/div>\n\t\t\t\t<div class=\"elementor-column elementor-col-25 elementor-top-column elementor-element elementor-element-5d5c2106\" data-id=\"5d5c2106\" data-element_type=\"column\">\n\t\t\t<div class=\"elementor-widget-wrap elementor-element-populated\">\n\t\t\t\t\t\t<div class=\"elementor-element elementor-element-6e1926bd elementor-align-center elementor-widget elementor-widget-button\" data-id=\"6e1926bd\" data-element_type=\"widget\" data-widget_type=\"button.default\">\n\t\t\t\t<div class=\"elementor-widget-container\">\n\t\t\t\t\t\t\t\t\t<div class=\"elementor-button-wrapper\">\n\t\t\t\t\t<a class=\"elementor-button elementor-button-link elementor-size-sm\" href=\"https:\/\/www.tec.ac.cr\/transparencia\" target=\"_blank\" rel=\"noopener\">\n\t\t\t\t\t\t<span class=\"elementor-button-content-wrapper\">\n\t\t\t\t\t\t\t\t\t<span class=\"elementor-button-text\">Transparency<\/span>\n\t\t\t\t\t<\/span>\n\t\t\t\t\t<\/a>\n\t\t\t\t<\/div>\n\t\t\t\t\t\t\t\t<\/div>\n\t\t\t\t<\/div>\n\t\t\t\t\t<\/div>\n\t\t<\/div>\n\t\t\t\t<div class=\"elementor-column elementor-col-25 elementor-top-column elementor-element elementor-element-5a0bd482\" data-id=\"5a0bd482\" data-element_type=\"column\">\n\t\t\t<div class=\"elementor-widget-wrap elementor-element-populated\">\n\t\t\t\t\t\t<div class=\"elementor-element elementor-element-1f595a83 elementor-align-center elementor-widget elementor-widget-button\" data-id=\"1f595a83\" data-element_type=\"widget\" data-widget_type=\"button.default\">\n\t\t\t\t<div class=\"elementor-widget-container\">\n\t\t\t\t\t\t\t\t\t<div class=\"elementor-button-wrapper\">\n\t\t\t\t\t<a class=\"elementor-button elementor-button-link elementor-size-sm\" href=\"https:\/\/www.tec.ac.cr\/investigacion-extension\" target=\"_blank\" rel=\"noopener\">\n\t\t\t\t\t\t<span class=\"elementor-button-content-wrapper\">\n\t\t\t\t\t\t\t\t\t<span class=\"elementor-button-text\">Research Institutes<\/span>\n\t\t\t\t\t<\/span>\n\t\t\t\t\t<\/a>\n\t\t\t\t<\/div>\n\t\t\t\t\t\t\t\t<\/div>\n\t\t\t\t<\/div>\n\t\t\t\t\t<\/div>\n\t\t<\/div>\n\t\t\t\t<div class=\"elementor-column elementor-col-25 elementor-top-column elementor-element elementor-element-7841b875\" data-id=\"7841b875\" data-element_type=\"column\">\n\t\t\t<div class=\"elementor-widget-wrap elementor-element-populated\">\n\t\t\t\t\t\t<div class=\"elementor-element elementor-element-1de6b8d8 elementor-align-center elementor-widget elementor-widget-button\" data-id=\"1de6b8d8\" data-element_type=\"widget\" data-widget_type=\"button.default\">\n\t\t\t\t<div class=\"elementor-widget-container\">\n\t\t\t\t\t\t\t\t\t<div class=\"elementor-button-wrapper\">\n\t\t\t\t\t<a class=\"elementor-button elementor-button-link elementor-size-sm\" href=\"https:\/\/www.tec.ac.cr\/oferta-academica\" target=\"_blank\" rel=\"noopener\">\n\t\t\t\t\t\t<span class=\"elementor-button-content-wrapper\">\n\t\t\t\t\t\t\t\t\t<span class=\"elementor-button-text\">Academic Offer<\/span>\n\t\t\t\t\t<\/span>\n\t\t\t\t\t<\/a>\n\t\t\t\t<\/div>\n\t\t\t\t\t\t\t\t<\/div>\n\t\t\t\t<\/div>\n\t\t\t\t\t<\/div>\n\t\t<\/div>\n\t\t\t\t\t<\/div>\n\t\t<\/section>\n\t\t\t\t<section class=\"elementor-section elementor-top-section elementor-element elementor-element-ed19ae1 elementor-section-boxed elementor-section-height-default elementor-section-height-default\" data-id=\"ed19ae1\" data-element_type=\"section\">\n\t\t\t\t\t\t<div class=\"elementor-container elementor-column-gap-default\">\n\t\t\t\t\t<div class=\"elementor-column elementor-col-100 elementor-top-column elementor-element elementor-element-d662d8c\" data-id=\"d662d8c\" data-element_type=\"column\">\n\t\t\t<div class=\"elementor-widget-wrap elementor-element-populated\">\n\t\t\t\t\t\t<div class=\"elementor-element elementor-element-66e93cb elementor-widget elementor-widget-spacer\" data-id=\"66e93cb\" data-element_type=\"widget\" data-widget_type=\"spacer.default\">\n\t\t\t\t<div class=\"elementor-widget-container\">\n\t\t\t\t\t\t\t<div class=\"elementor-spacer\">\n\t\t\t<div class=\"elementor-spacer-inner\"><\/div>\n\t\t<\/div>\n\t\t\t\t\t\t<\/div>\n\t\t\t\t<\/div>\n\t\t\t\t\t<\/div>\n\t\t<\/div>\n\t\t\t\t\t<\/div>\n\t\t<\/section>\n\t\t\t\t<section class=\"elementor-section elementor-top-section elementor-element elementor-element-b939a61 elementor-section-boxed elementor-section-height-default elementor-section-height-default\" data-id=\"b939a61\" data-element_type=\"section\">\n\t\t\t\t\t\t<div class=\"elementor-container elementor-column-gap-default\">\n\t\t\t\t\t<div class=\"elementor-column elementor-col-50 elementor-top-column elementor-element elementor-element-2c6f97e\" data-id=\"2c6f97e\" data-element_type=\"column\">\n\t\t\t<div class=\"elementor-widget-wrap elementor-element-populated\">\n\t\t\t\t\t\t<div class=\"elementor-element elementor-element-f5ed1a8 elementor-widget elementor-widget-text-editor\" data-id=\"f5ed1a8\" data-element_type=\"widget\" data-widget_type=\"text-editor.default\">\n\t\t\t\t<div class=\"elementor-widget-container\">\n\t\t\t\t\t\t\t\t\t<main>\n\t<article class=\"university-info\">\n\t\t<div class=\"item-info-university\">\n\t\t\t<span class=\"tag-info-university\">Address:<\/span><address class=\"address-info-university\">Campus Tecnol\u00f3gico Central, Cartago, Costa Rica. Calle 15, Avenida 14. 1 km Sur de la Bas\u00edlica de los \u00c1ngeles.<\/address>\n\t\t<\/div>\n\t\t<div class=\"item-info-university\">\n\t\t\t<span class=\"tag-info-university\">Email address:<\/span><a class=\"link-info-university\" href=\"mailto:infoportal@tec.ac.cr\" target=\"_blank\">infoportal@tec.ac.cr.<\/a>\n\t\t<\/div>\n\t\t<div class=\"item-info-university\">\n\t\t\t<span class=\"tag-info-university\">Website:<\/span><a class=\"link-info-university\" href=\"https:\/\/www.tec.ac.cr\" target=\"_blank\" rel=\"noopener\">www.tec.ac.cr.<\/a>\n\t\t<\/div>\n\t\t<div class=\"item-info-university\">\n\t\t\t<span class=\"tag-info-university\">Phone number:<\/span><a class=\"link-info-university\" href=\"tel:+50625509209\" target=\"_blank\">(506) 2550-9209.<\/a>\n\t\t<\/div>\n\t\t<div class=\"item-info-university\">\n\t\t\t<span class=\"tag-info-university\">Rector:<\/span><span class=\"value-info-university\">Ing. Mar\u00eda Estrada S\u00e1nchez.<\/span>\n\t\t<\/div>\n\t<\/article>\n<\/main>\t\t\t\t\t\t\t\t<\/div>\n\t\t\t\t<\/div>\n\t\t\t\t\t<\/div>\n\t\t<\/div>\n\t\t\t\t<div class=\"elementor-column elementor-col-50 elementor-top-column elementor-element elementor-element-9f4ae41\" data-id=\"9f4ae41\" data-element_type=\"column\">\n\t\t\t<div class=\"elementor-widget-wrap elementor-element-populated\">\n\t\t\t\t\t\t<div class=\"elementor-element elementor-element-1ad3bae elementor-widget elementor-widget-google_maps\" data-id=\"1ad3bae\" data-element_type=\"widget\" data-widget_type=\"google_maps.default\">\n\t\t\t\t<div class=\"elementor-widget-container\">\n\t\t\t\t\t\t\t<div class=\"elementor-custom-embed\">\n\t\t\t<iframe\n\t\t\t\t\tdata-src=\"https:\/\/maps.google.com\/maps?q=Tecnol%C3%B3gico%20de%20Costa%20RIca&#038;t=m&#038;z=11&#038;output=embed&#038;iwloc=near\"\n\t\t\t\t\ttitle=\"Tecnol\u00f3gico de Costa RIca\"\n\t\t\t\t\taria-label=\"Tecnol\u00f3gico de Costa RIca\"\n\t\t\t src=\"data:image\/svg+xml;base64,PHN2ZyB3aWR0aD0iMSIgaGVpZ2h0PSIxIiB4bWxucz0iaHR0cDovL3d3dy53My5vcmcvMjAwMC9zdmciPjwvc3ZnPg==\" class=\"lazyload\" data-load-mode=\"1\"><\/iframe>\n\t\t<\/div>\n\t\t\t\t\t\t<\/div>\n\t\t\t\t<\/div>\n\t\t\t\t\t<\/div>\n\t\t<\/div>\n\t\t\t\t\t<\/div>\n\t\t<\/section>\n\t\t\t\t<\/div>\n\t\t","protected":false},"excerpt":{"rendered":"<p>Tecnol\u00f3gico de Costa Rica History and Structure Transparency Research Institutes Academic Offer Address: Campus Tecnol\u00f3gico Central, Cartago, Costa Rica. Calle 15, Avenida 14. 1 km Sur de la Bas\u00edlica de los \u00c1ngeles. Email address:infoportal@tec.ac.cr. Website:www.tec.ac.cr. Phone number:(506) 2550-9209. Rector:Ing. Mar\u00eda Estrada S\u00e1nchez.<\/p>\n","protected":false},"author":1,"featured_media":0,"parent":0,"menu_order":0,"comment_status":"closed","ping_status":"closed","template":"","meta":{"footnotes":""},"class_list":["post-2263","page","type-page","status-publish","hentry"],"_links":{"self":[{"href":"https:\/\/siesue.conare.ac.cr\/en\/wp-json\/wp\/v2\/pages\/2263","targetHints":{"allow":["GET"]}}],"collection":[{"href":"https:\/\/siesue.conare.ac.cr\/en\/wp-json\/wp\/v2\/pages"}],"about":[{"href":"https:\/\/siesue.conare.ac.cr\/en\/wp-json\/wp\/v2\/types\/page"}],"author":[{"embeddable":true,"href":"https:\/\/siesue.conare.ac.cr\/en\/wp-json\/wp\/v2\/users\/1"}],"replies":[{"embeddable":true,"href":"https:\/\/siesue.conare.ac.cr\/en\/wp-json\/wp\/v2\/comments?post=2263"}],"version-history":[{"count":49,"href":"https:\/\/siesue.conare.ac.cr\/en\/wp-json\/wp\/v2\/pages\/2263\/revisions"}],"predecessor-version":[{"id":6454,"href":"https:\/\/siesue.conare.ac.cr\/en\/wp-json\/wp\/v2\/pages\/2263\/revisions\/6454"}],"wp:attachment":[{"href":"https:\/\/siesue.conare.ac.cr\/en\/wp-json\/wp\/v2\/media?parent=2263"}],"curies":[{"name":"wp","href":"https:\/\/api.w.org\/{rel}","templated":true}]}}