{"id":2561,"date":"2021-04-22T04:52:40","date_gmt":"2021-04-22T04:52:40","guid":{"rendered":"http:\/\/siesue.conare.ac.cr\/en\/?page_id=2561"},"modified":"2023-03-03T12:57:09","modified_gmt":"2023-03-03T12:57:09","slug":"tableu-preservacion-de-la-produccion-cientifica-y-academica","status":"publish","type":"page","link":"https:\/\/siesue.conare.ac.cr\/en\/tableu-preservacion-de-la-produccion-cientifica-y-academica\/","title":{"rendered":"Tableau &#8211; Preservaci\u00f3n de la producci\u00f3n cient\u00edfica y acad\u00e9mica"},"content":{"rendered":"\t\t<div data-elementor-type=\"wp-page\" data-elementor-id=\"2561\" class=\"elementor elementor-2561\">\n\t\t\t\t\t\t<section class=\"elementor-section elementor-top-section elementor-element elementor-element-780f497c elementor-section-boxed elementor-section-height-default elementor-section-height-default\" data-id=\"780f497c\" data-element_type=\"section\">\n\t\t\t\t\t\t<div class=\"elementor-container elementor-column-gap-default\">\n\t\t\t\t\t<div class=\"elementor-column elementor-col-100 elementor-top-column elementor-element elementor-element-6a08aa3\" data-id=\"6a08aa3\" data-element_type=\"column\">\n\t\t\t<div class=\"elementor-widget-wrap elementor-element-populated\">\n\t\t\t\t\t\t<div class=\"elementor-element elementor-element-3fd938cf elementor-widget elementor-widget-spacer\" data-id=\"3fd938cf\" data-element_type=\"widget\" data-widget_type=\"spacer.default\">\n\t\t\t\t<div class=\"elementor-widget-container\">\n\t\t\t\t\t\t\t<div class=\"elementor-spacer\">\n\t\t\t<div class=\"elementor-spacer-inner\"><\/div>\n\t\t<\/div>\n\t\t\t\t\t\t<\/div>\n\t\t\t\t<\/div>\n\t\t\t\t<div class=\"elementor-element elementor-element-5fc582f2 elementor-widget elementor-widget-heading\" data-id=\"5fc582f2\" data-element_type=\"widget\" data-widget_type=\"heading.default\">\n\t\t\t\t<div class=\"elementor-widget-container\">\n\t\t\t\t\t<h2 class=\"elementor-heading-title elementor-size-default\">Preservaci\u00f3n de la producci\u00f3n cient\u00edfica y acad\u00e9mica<\/h2>\t\t\t\t<\/div>\n\t\t\t\t<\/div>\n\t\t\t\t<div class=\"elementor-element elementor-element-786ad387 elementor-widget elementor-widget-html\" data-id=\"786ad387\" data-element_type=\"widget\" data-widget_type=\"html.default\">\n\t\t\t\t<div class=\"elementor-widget-container\">\n\t\t\t\t\t<div class='tableauPlaceholder' id='viz1619067201291' style='position: relative'><noscript><a href='#'><img alt=' ' src='https:&#47;&#47;public.tableau.com&#47;static&#47;images&#47;2_&#47;2_2_4_2Preservacindelaproduccincientficayacadmica&#47;2_2_4_2&#47;1_rss.png' style='border: none' \/><\/a><\/noscript><object class='tableauViz'  style='display:none;'><param name='host_url' value='https%3A%2F%2Fpublic.tableau.com%2F' \/> <param name='embed_code_version' value='3' \/> <param name='site_root' value='' \/><param name='name' value='2_2_4_2Preservacindelaproduccincientficayacadmica&#47;2_2_4_2' \/><param name='tabs' value='no' \/><param name='toolbar' value='yes' \/><param name='static_image' value='https:&#47;&#47;public.tableau.com&#47;static&#47;images&#47;2_&#47;2_2_4_2Preservacindelaproduccincientficayacadmica&#47;2_2_4_2&#47;1.png' \/> <param name='animate_transition' value='yes' \/><param name='display_static_image' value='yes' \/><param name='display_spinner' value='yes' \/><param name='display_overlay' value='yes' \/><param name='display_count' value='yes' \/><param name='language' value='es' \/><param name='filter' value='publish=yes' \/><\/object><\/div>                <script type='text\/javascript'>                    var divElement = document.getElementById('viz1619067201291');                    var vizElement = divElement.getElementsByTagName('object')[0];                    vizElement.style.width='100%';vizElement.style.height=(divElement.offsetWidth*0.75)+'px';                    var scriptElement = document.createElement('script');                    scriptElement.src = 'https:\/\/public.tableau.com\/javascripts\/api\/viz_v1.js';                    vizElement.parentNode.insertBefore(scriptElement, vizElement);                <\/script>\t\t\t\t<\/div>\n\t\t\t\t<\/div>\n\t\t\t\t\t<\/div>\n\t\t<\/div>\n\t\t\t\t\t<\/div>\n\t\t<\/section>\n\t\t\t\t<\/div>\n\t\t","protected":false},"excerpt":{"rendered":"<p>Preservaci\u00c3\u00b3n de la producci\u00c3\u00b3n cient\u00c3\u00adfica y acad\u00c3\u00a9mica<\/p>\n","protected":false},"author":1,"featured_media":0,"parent":0,"menu_order":0,"comment_status":"closed","ping_status":"closed","template":"","meta":{"footnotes":""},"class_list":["post-2561","page","type-page","status-publish","hentry"],"_links":{"self":[{"href":"https:\/\/siesue.conare.ac.cr\/en\/wp-json\/wp\/v2\/pages\/2561","targetHints":{"allow":["GET"]}}],"collection":[{"href":"https:\/\/siesue.conare.ac.cr\/en\/wp-json\/wp\/v2\/pages"}],"about":[{"href":"https:\/\/siesue.conare.ac.cr\/en\/wp-json\/wp\/v2\/types\/page"}],"author":[{"embeddable":true,"href":"https:\/\/siesue.conare.ac.cr\/en\/wp-json\/wp\/v2\/users\/1"}],"replies":[{"embeddable":true,"href":"https:\/\/siesue.conare.ac.cr\/en\/wp-json\/wp\/v2\/comments?post=2561"}],"version-history":[{"count":5,"href":"https:\/\/siesue.conare.ac.cr\/en\/wp-json\/wp\/v2\/pages\/2561\/revisions"}],"predecessor-version":[{"id":6060,"href":"https:\/\/siesue.conare.ac.cr\/en\/wp-json\/wp\/v2\/pages\/2561\/revisions\/6060"}],"wp:attachment":[{"href":"https:\/\/siesue.conare.ac.cr\/en\/wp-json\/wp\/v2\/media?parent=2561"}],"curies":[{"name":"wp","href":"https:\/\/api.w.org\/{rel}","templated":true}]}}